{"id":9988,"date":"2025-10-20T19:16:43","date_gmt":"2025-10-20T16:16:43","guid":{"rendered":"https:\/\/kakolabrewing.com\/?post_type=product&#038;p=9988"},"modified":"2026-04-15T11:46:33","modified_gmt":"2026-04-15T08:46:33","slug":"avoin-panimokierros-maaliskuu","status":"publish","type":"product","link":"https:\/\/kakolabrewing.com\/en\/tuote\/avoin-panimokierros-maaliskuu\/","title":{"rendered":"Avoin panimokierros KES\u00c4KUU 27.06.2026"},"content":{"rendered":"","protected":false},"excerpt":{"rendered":"<p><strong>Hypp\u00e4\u00e4 mukaan tutustumaan naapurustopanimon saloihin!<\/strong><\/p>\n<p><strong>Avoin panimokierros kes\u00e4kuu 2026<\/strong><\/p>\n<p>\u2022 Aika: 27.06. klo12:00<br \/>\n\u2022 Kesto n. 1h<br \/>\n\u2022 Sis\u00e4lt\u00e4\u00e4 4 eri oluen maistiaisen<br \/>\n\u2022 Tutustumisen tiloihin, tuotantoon, tuotteisiin ja toimintaan<br \/>\n\u2022 Huom. Kierrokset pidet\u00e4\u00e4n suomeksi<\/p>\n<p>Ostamalla lippusi nettikaupasta olet automaattisesti kyseisen p\u00e4iv\u00e4n Avoimen panimokierroksen osallistujalistassa. Saat ostoksen tehty\u00e4si s\u00e4hk\u00f6postiisi maksuvahvistuksen, mik\u00e4 toimii p\u00e4\u00e4sylippunasi kierrokselle.<\/p>\n<p>Mik\u00e4li olet estinyt tulemaan varaamallesi kierrokselle, ilmoitathan asiasta: info@kakolabrewing.com.<\/p>\n<p><em>Avoimia panimokierroksia j\u00e4rjestet\u00e4\u00e4n joka kuukauden viimeinen lauantai klo12, pois lukien joulukuu (yht. 11kpl).\u00a0<\/em><\/p>\n<p> <a class=\"more-link\" href=\"https:\/\/kakolabrewing.com\/en\/tuote\/avoin-panimokierros-maaliskuu\/\">Read more<\/a><\/p>","protected":false},"featured_media":5831,"template":"","meta":[],"product_brand":[],"product_cat":[33],"product_tag":[210],"class_list":{"0":"post-9988","1":"product","2":"type-product","3":"status-publish","4":"has-post-thumbnail","6":"product_cat-elamykset","7":"product_tag-panimokierros","9":"first","10":"instock","11":"virtual","12":"taxable","13":"purchasable","14":"product-type-simple"},"bundle_layout":"","bundle_add_to_cart_form_location":"","bundle_editable_in_cart":false,"bundle_sold_individually_context":"","bundle_item_grouping":"","bundle_min_size":"","bundle_max_size":"","bundled_by":[],"bundled_items":[],"yoast_head":"<!-- This site is optimized with the Yoast SEO plugin v27.4 - https:\/\/yoast.com\/product\/yoast-seo-wordpress\/ -->\n<title>Avoin panimokierros KES\u00c4KUU 27.06.2026 &#8212; Kakola Brewing Company<\/title>\n<meta name=\"robots\" content=\"index, follow, max-snippet:-1, max-image-preview:large, max-video-preview:-1\" \/>\n<link rel=\"canonical\" href=\"https:\/\/kakolabrewing.com\/en\/tuote\/avoin-panimokierros-maaliskuu\/\" \/>\n<meta property=\"og:locale\" content=\"en_US\" \/>\n<meta property=\"og:type\" content=\"article\" \/>\n<meta property=\"og:title\" content=\"Avoin panimokierros KES\u00c4KUU 27.06.2026 &#8212; Kakola Brewing Company\" \/>\n<meta property=\"og:description\" content=\"Hypp\u00e4\u00e4 mukaan tutustumaan naapurustopanimon saloihin!  Avoin panimokierros kes\u00e4kuu 2026  \u2022 Aika: 27.06. klo12:00 \u2022 Kesto n. 1h \u2022 Sis\u00e4lt\u00e4\u00e4 4 eri oluen maistiaisen \u2022 Tutustumisen tiloihin, tuotantoon, tuotteisiin ja toimintaan \u2022 Huom. Kierrokset pidet\u00e4\u00e4n suomeksi  Ostamalla lippusi nettikaupasta olet automaattisesti kyseisen p\u00e4iv\u00e4n Avoimen panimokierroksen osallistujalistassa. Saat ostoksen tehty\u00e4si s\u00e4hk\u00f6postiisi maksuvahvistuksen, mik\u00e4 toimii p\u00e4\u00e4sylippunasi kierrokselle.  Mik\u00e4li olet estinyt tulemaan varaamallesi kierrokselle, ilmoitathan asiasta: info@kakolabrewing.com.  Avoimia panimokierroksia j\u00e4rjestet\u00e4\u00e4n joka kuukauden viimeinen lauantai klo12, pois lukien joulukuu (yht. 11kpl).\u00a0\" \/>\n<meta property=\"og:url\" content=\"https:\/\/kakolabrewing.com\/en\/tuote\/avoin-panimokierros-maaliskuu\/\" \/>\n<meta property=\"og:site_name\" content=\"Kakola Brewing Company\" \/>\n<meta property=\"article:publisher\" content=\"https:\/\/www.facebook.com\/kakolabrewing\/\" \/>\n<meta property=\"article:modified_time\" content=\"2026-04-15T08:46:33+00:00\" \/>\n<meta property=\"og:image\" content=\"https:\/\/kakolabrewing.com\/wp-content\/uploads\/2022\/08\/29ABA0E9-5408-4E9F-9762-2CD56AFAF71E.png\" \/>\n\t<meta property=\"og:image:width\" content=\"1080\" \/>\n\t<meta property=\"og:image:height\" content=\"1080\" \/>\n\t<meta property=\"og:image:type\" content=\"image\/png\" \/>\n<meta name=\"twitter:card\" content=\"summary_large_image\" \/>\n<meta name=\"twitter:label1\" content=\"Est. reading time\" \/>\n\t<meta name=\"twitter:data1\" content=\"1 minute\" \/>\n<script type=\"application\/ld+json\" class=\"yoast-schema-graph\">{\"@context\":\"https:\\\/\\\/schema.org\",\"@graph\":[{\"@type\":\"WebPage\",\"@id\":\"https:\\\/\\\/kakolabrewing.com\\\/en\\\/tuote\\\/avoin-panimokierros-maaliskuu\\\/\",\"url\":\"https:\\\/\\\/kakolabrewing.com\\\/en\\\/tuote\\\/avoin-panimokierros-maaliskuu\\\/\",\"name\":\"Avoin panimokierros KES\u00c4KUU 27.06.2026 &#8212; Kakola Brewing Company\",\"isPartOf\":{\"@id\":\"https:\\\/\\\/kakolabrewing.com\\\/en\\\/#website\"},\"primaryImageOfPage\":{\"@id\":\"https:\\\/\\\/kakolabrewing.com\\\/en\\\/tuote\\\/avoin-panimokierros-maaliskuu\\\/#primaryimage\"},\"image\":{\"@id\":\"https:\\\/\\\/kakolabrewing.com\\\/en\\\/tuote\\\/avoin-panimokierros-maaliskuu\\\/#primaryimage\"},\"thumbnailUrl\":\"https:\\\/\\\/kakolabrewing.com\\\/wp-content\\\/uploads\\\/2022\\\/08\\\/29ABA0E9-5408-4E9F-9762-2CD56AFAF71E.png\",\"datePublished\":\"2025-10-20T16:16:43+00:00\",\"dateModified\":\"2026-04-15T08:46:33+00:00\",\"breadcrumb\":{\"@id\":\"https:\\\/\\\/kakolabrewing.com\\\/en\\\/tuote\\\/avoin-panimokierros-maaliskuu\\\/#breadcrumb\"},\"inLanguage\":\"en-US\",\"potentialAction\":[{\"@type\":\"ReadAction\",\"target\":[\"https:\\\/\\\/kakolabrewing.com\\\/en\\\/tuote\\\/avoin-panimokierros-maaliskuu\\\/\"]}]},{\"@type\":\"ImageObject\",\"inLanguage\":\"en-US\",\"@id\":\"https:\\\/\\\/kakolabrewing.com\\\/en\\\/tuote\\\/avoin-panimokierros-maaliskuu\\\/#primaryimage\",\"url\":\"https:\\\/\\\/kakolabrewing.com\\\/wp-content\\\/uploads\\\/2022\\\/08\\\/29ABA0E9-5408-4E9F-9762-2CD56AFAF71E.png\",\"contentUrl\":\"https:\\\/\\\/kakolabrewing.com\\\/wp-content\\\/uploads\\\/2022\\\/08\\\/29ABA0E9-5408-4E9F-9762-2CD56AFAF71E.png\",\"width\":1080,\"height\":1080},{\"@type\":\"BreadcrumbList\",\"@id\":\"https:\\\/\\\/kakolabrewing.com\\\/en\\\/tuote\\\/avoin-panimokierros-maaliskuu\\\/#breadcrumb\",\"itemListElement\":[{\"@type\":\"ListItem\",\"position\":1,\"name\":\"Home\",\"item\":\"https:\\\/\\\/kakolabrewing.com\\\/en\\\/frontpage\\\/\"},{\"@type\":\"ListItem\",\"position\":2,\"name\":\"Shop\",\"item\":\"https:\\\/\\\/kakolabrewing.com\\\/en\\\/shop\\\/\"},{\"@type\":\"ListItem\",\"position\":3,\"name\":\"Avoin panimokierros KES\u00c4KUU 27.06.2026\"}]},{\"@type\":\"WebSite\",\"@id\":\"https:\\\/\\\/kakolabrewing.com\\\/en\\\/#website\",\"url\":\"https:\\\/\\\/kakolabrewing.com\\\/en\\\/\",\"name\":\"Kakola Brewing Company\",\"description\":\"Turku\",\"publisher\":{\"@id\":\"https:\\\/\\\/kakolabrewing.com\\\/en\\\/#organization\"},\"potentialAction\":[{\"@type\":\"SearchAction\",\"target\":{\"@type\":\"EntryPoint\",\"urlTemplate\":\"https:\\\/\\\/kakolabrewing.com\\\/en\\\/?s={search_term_string}\"},\"query-input\":{\"@type\":\"PropertyValueSpecification\",\"valueRequired\":true,\"valueName\":\"search_term_string\"}}],\"inLanguage\":\"en-US\"},{\"@type\":\"Organization\",\"@id\":\"https:\\\/\\\/kakolabrewing.com\\\/en\\\/#organization\",\"name\":\"Kakola Brewing Company\",\"url\":\"https:\\\/\\\/kakolabrewing.com\\\/en\\\/\",\"logo\":{\"@type\":\"ImageObject\",\"inLanguage\":\"en-US\",\"@id\":\"https:\\\/\\\/kakolabrewing.com\\\/en\\\/#\\\/schema\\\/logo\\\/image\\\/\",\"url\":\"https:\\\/\\\/kakolabrewing.com\\\/wp-content\\\/uploads\\\/2018\\\/03\\\/kakolabrewing-blue.png\",\"contentUrl\":\"https:\\\/\\\/kakolabrewing.com\\\/wp-content\\\/uploads\\\/2018\\\/03\\\/kakolabrewing-blue.png\",\"width\":1024,\"height\":1024,\"caption\":\"Kakola Brewing Company\"},\"image\":{\"@id\":\"https:\\\/\\\/kakolabrewing.com\\\/en\\\/#\\\/schema\\\/logo\\\/image\\\/\"},\"sameAs\":[\"https:\\\/\\\/www.facebook.com\\\/kakolabrewing\\\/\",\"https:\\\/\\\/www.linkedin.com\\\/company\\\/kakola-brewing-co\\\/\"]}]}<\/script>\n<!-- \/ Yoast SEO plugin. -->","yoast_head_json":{"title":"Avoin panimokierros KES\u00c4KUU 27.06.2026 &#8212; Kakola Brewing Company","robots":{"index":"index","follow":"follow","max-snippet":"max-snippet:-1","max-image-preview":"max-image-preview:large","max-video-preview":"max-video-preview:-1"},"canonical":"https:\/\/kakolabrewing.com\/en\/tuote\/avoin-panimokierros-maaliskuu\/","og_locale":"en_US","og_type":"article","og_title":"Avoin panimokierros KES\u00c4KUU 27.06.2026 &#8212; Kakola Brewing Company","og_description":"Hypp\u00e4\u00e4 mukaan tutustumaan naapurustopanimon saloihin!  Avoin panimokierros kes\u00e4kuu 2026  \u2022 Aika: 27.06. klo12:00 \u2022 Kesto n. 1h \u2022 Sis\u00e4lt\u00e4\u00e4 4 eri oluen maistiaisen \u2022 Tutustumisen tiloihin, tuotantoon, tuotteisiin ja toimintaan \u2022 Huom. Kierrokset pidet\u00e4\u00e4n suomeksi  Ostamalla lippusi nettikaupasta olet automaattisesti kyseisen p\u00e4iv\u00e4n Avoimen panimokierroksen osallistujalistassa. Saat ostoksen tehty\u00e4si s\u00e4hk\u00f6postiisi maksuvahvistuksen, mik\u00e4 toimii p\u00e4\u00e4sylippunasi kierrokselle.  Mik\u00e4li olet estinyt tulemaan varaamallesi kierrokselle, ilmoitathan asiasta: info@kakolabrewing.com.  Avoimia panimokierroksia j\u00e4rjestet\u00e4\u00e4n joka kuukauden viimeinen lauantai klo12, pois lukien joulukuu (yht. 11kpl).\u00a0","og_url":"https:\/\/kakolabrewing.com\/en\/tuote\/avoin-panimokierros-maaliskuu\/","og_site_name":"Kakola Brewing Company","article_publisher":"https:\/\/www.facebook.com\/kakolabrewing\/","article_modified_time":"2026-04-15T08:46:33+00:00","og_image":[{"width":1080,"height":1080,"url":"https:\/\/kakolabrewing.com\/wp-content\/uploads\/2022\/08\/29ABA0E9-5408-4E9F-9762-2CD56AFAF71E.png","type":"image\/png"}],"twitter_card":"summary_large_image","twitter_misc":{"Est. reading time":"1 minute"},"schema":{"@context":"https:\/\/schema.org","@graph":[{"@type":"WebPage","@id":"https:\/\/kakolabrewing.com\/en\/tuote\/avoin-panimokierros-maaliskuu\/","url":"https:\/\/kakolabrewing.com\/en\/tuote\/avoin-panimokierros-maaliskuu\/","name":"Avoin panimokierros KES\u00c4KUU 27.06.2026 &#8212; Kakola Brewing Company","isPartOf":{"@id":"https:\/\/kakolabrewing.com\/en\/#website"},"primaryImageOfPage":{"@id":"https:\/\/kakolabrewing.com\/en\/tuote\/avoin-panimokierros-maaliskuu\/#primaryimage"},"image":{"@id":"https:\/\/kakolabrewing.com\/en\/tuote\/avoin-panimokierros-maaliskuu\/#primaryimage"},"thumbnailUrl":"https:\/\/kakolabrewing.com\/wp-content\/uploads\/2022\/08\/29ABA0E9-5408-4E9F-9762-2CD56AFAF71E.png","datePublished":"2025-10-20T16:16:43+00:00","dateModified":"2026-04-15T08:46:33+00:00","breadcrumb":{"@id":"https:\/\/kakolabrewing.com\/en\/tuote\/avoin-panimokierros-maaliskuu\/#breadcrumb"},"inLanguage":"en-US","potentialAction":[{"@type":"ReadAction","target":["https:\/\/kakolabrewing.com\/en\/tuote\/avoin-panimokierros-maaliskuu\/"]}]},{"@type":"ImageObject","inLanguage":"en-US","@id":"https:\/\/kakolabrewing.com\/en\/tuote\/avoin-panimokierros-maaliskuu\/#primaryimage","url":"https:\/\/kakolabrewing.com\/wp-content\/uploads\/2022\/08\/29ABA0E9-5408-4E9F-9762-2CD56AFAF71E.png","contentUrl":"https:\/\/kakolabrewing.com\/wp-content\/uploads\/2022\/08\/29ABA0E9-5408-4E9F-9762-2CD56AFAF71E.png","width":1080,"height":1080},{"@type":"BreadcrumbList","@id":"https:\/\/kakolabrewing.com\/en\/tuote\/avoin-panimokierros-maaliskuu\/#breadcrumb","itemListElement":[{"@type":"ListItem","position":1,"name":"Home","item":"https:\/\/kakolabrewing.com\/en\/frontpage\/"},{"@type":"ListItem","position":2,"name":"Shop","item":"https:\/\/kakolabrewing.com\/en\/shop\/"},{"@type":"ListItem","position":3,"name":"Avoin panimokierros KES\u00c4KUU 27.06.2026"}]},{"@type":"WebSite","@id":"https:\/\/kakolabrewing.com\/en\/#website","url":"https:\/\/kakolabrewing.com\/en\/","name":"Kakola Brewing Company","description":"Turku","publisher":{"@id":"https:\/\/kakolabrewing.com\/en\/#organization"},"potentialAction":[{"@type":"SearchAction","target":{"@type":"EntryPoint","urlTemplate":"https:\/\/kakolabrewing.com\/en\/?s={search_term_string}"},"query-input":{"@type":"PropertyValueSpecification","valueRequired":true,"valueName":"search_term_string"}}],"inLanguage":"en-US"},{"@type":"Organization","@id":"https:\/\/kakolabrewing.com\/en\/#organization","name":"Kakola Brewing Company","url":"https:\/\/kakolabrewing.com\/en\/","logo":{"@type":"ImageObject","inLanguage":"en-US","@id":"https:\/\/kakolabrewing.com\/en\/#\/schema\/logo\/image\/","url":"https:\/\/kakolabrewing.com\/wp-content\/uploads\/2018\/03\/kakolabrewing-blue.png","contentUrl":"https:\/\/kakolabrewing.com\/wp-content\/uploads\/2018\/03\/kakolabrewing-blue.png","width":1024,"height":1024,"caption":"Kakola Brewing Company"},"image":{"@id":"https:\/\/kakolabrewing.com\/en\/#\/schema\/logo\/image\/"},"sameAs":["https:\/\/www.facebook.com\/kakolabrewing\/","https:\/\/www.linkedin.com\/company\/kakola-brewing-co\/"]}]}},"_links":{"self":[{"href":"https:\/\/kakolabrewing.com\/en\/wp-json\/wp\/v2\/product\/9988","targetHints":{"allow":["GET"]}}],"collection":[{"href":"https:\/\/kakolabrewing.com\/en\/wp-json\/wp\/v2\/product"}],"about":[{"href":"https:\/\/kakolabrewing.com\/en\/wp-json\/wp\/v2\/types\/product"}],"wp:featuredmedia":[{"embeddable":true,"href":"https:\/\/kakolabrewing.com\/en\/wp-json\/wp\/v2\/media\/5831"}],"wp:attachment":[{"href":"https:\/\/kakolabrewing.com\/en\/wp-json\/wp\/v2\/media?parent=9988"}],"wp:term":[{"taxonomy":"product_brand","embeddable":true,"href":"https:\/\/kakolabrewing.com\/en\/wp-json\/wp\/v2\/product_brand?post=9988"},{"taxonomy":"product_cat","embeddable":true,"href":"https:\/\/kakolabrewing.com\/en\/wp-json\/wp\/v2\/product_cat?post=9988"},{"taxonomy":"product_tag","embeddable":true,"href":"https:\/\/kakolabrewing.com\/en\/wp-json\/wp\/v2\/product_tag?post=9988"}],"curies":[{"name":"wp","href":"https:\/\/api.w.org\/{rel}","templated":true}]}}