{"id":9962,"date":"2025-11-19T12:55:10","date_gmt":"2025-11-19T10:55:10","guid":{"rendered":"https:\/\/kakolabrewing.com\/?post_type=product&#038;p=9962"},"modified":"2025-12-19T12:56:26","modified_gmt":"2025-12-19T10:56:26","slug":"atelier-59-dark-lager-5","status":"publish","type":"product","link":"https:\/\/kakolabrewing.com\/en\/tuote\/atelier-59-dark-lager-5\/","title":{"rendered":"Atelier 59 Dark Lager 5%"},"content":{"rendered":"<p>Tumma, maltainen ja lempe\u00e4n paahteinen lager. Valmistettu ohramaltaista ja speltist\u00e4. Pehme\u00e4\u00e4 karamellisuutta kevyell\u00e4 puraisulla.<span class=\"Apple-converted-space\">\u00a0<\/span><\/p>\n<p>Rajallinen yhden er\u00e4n saatavuus.<span class=\"Apple-converted-space\">\u00a0<\/span><\/p>\n","protected":false},"excerpt":{"rendered":"<p>Tumma, maltainen ja lempe\u00e4n paahteinen lager. Valmistettu ohramaltaista ja speltist\u00e4. Pehme\u00e4\u00e4 karamellisuutta kevyell\u00e4 puraisulla.<\/p>\n<p>Rajallinen yhden er\u00e4n saatavuus.<\/p>\n<p> <a class=\"more-link\" href=\"https:\/\/kakolabrewing.com\/en\/tuote\/atelier-59-dark-lager-5\/\">Read more<\/a><\/p>","protected":false},"featured_media":10102,"template":"","meta":[],"product_brand":[],"product_cat":[219,34],"product_tag":[],"class_list":{"0":"post-9962","1":"product","2":"type-product","3":"status-publish","4":"has-post-thumbnail","6":"product_cat-atelier","7":"product_cat-beers","9":"first","10":"instock","11":"taxable","12":"shipping-taxable","13":"purchasable","14":"product-type-simple"},"bundle_layout":"","bundle_add_to_cart_form_location":"","bundle_editable_in_cart":false,"bundle_sold_individually_context":"","bundle_item_grouping":"","bundle_min_size":"","bundle_max_size":"","bundled_by":[],"bundled_items":[],"yoast_head":"<!-- This site is optimized with the Yoast SEO plugin v27.4 - https:\/\/yoast.com\/product\/yoast-seo-wordpress\/ -->\n<title>Atelier 59 Dark Lager 5% &#8212; Kakola Brewing Company<\/title>\n<meta name=\"robots\" content=\"index, follow, max-snippet:-1, max-image-preview:large, max-video-preview:-1\" \/>\n<link rel=\"canonical\" href=\"https:\/\/kakolabrewing.com\/en\/tuote\/atelier-59-dark-lager-5\/\" \/>\n<meta property=\"og:locale\" content=\"en_US\" \/>\n<meta property=\"og:type\" content=\"article\" \/>\n<meta property=\"og:title\" content=\"Atelier 59 Dark Lager 5% &#8212; Kakola Brewing Company\" \/>\n<meta property=\"og:description\" content=\"Tumma, maltainen ja lempe\u00e4n paahteinen lager. Valmistettu ohramaltaista ja speltist\u00e4. Pehme\u00e4\u00e4 karamellisuutta kevyell\u00e4 puraisulla.  Rajallinen yhden er\u00e4n saatavuus.\" \/>\n<meta property=\"og:url\" content=\"https:\/\/kakolabrewing.com\/en\/tuote\/atelier-59-dark-lager-5\/\" \/>\n<meta property=\"og:site_name\" content=\"Kakola Brewing Company\" \/>\n<meta property=\"article:publisher\" content=\"https:\/\/www.facebook.com\/kakolabrewing\/\" \/>\n<meta property=\"article:modified_time\" content=\"2025-12-19T10:56:26+00:00\" \/>\n<meta property=\"og:image\" content=\"https:\/\/kakolabrewing.com\/wp-content\/uploads\/2025\/11\/16-724x1024.png\" \/>\n\t<meta property=\"og:image:width\" content=\"724\" \/>\n\t<meta property=\"og:image:height\" content=\"1024\" \/>\n\t<meta property=\"og:image:type\" content=\"image\/png\" \/>\n<meta name=\"twitter:card\" content=\"summary_large_image\" \/>\n<meta name=\"twitter:label1\" content=\"Est. reading time\" \/>\n\t<meta name=\"twitter:data1\" content=\"1 minute\" \/>\n<script type=\"application\/ld+json\" class=\"yoast-schema-graph\">{\"@context\":\"https:\\\/\\\/schema.org\",\"@graph\":[{\"@type\":\"WebPage\",\"@id\":\"https:\\\/\\\/kakolabrewing.com\\\/en\\\/tuote\\\/atelier-59-dark-lager-5\\\/\",\"url\":\"https:\\\/\\\/kakolabrewing.com\\\/en\\\/tuote\\\/atelier-59-dark-lager-5\\\/\",\"name\":\"Atelier 59 Dark Lager 5% &#8212; Kakola Brewing Company\",\"isPartOf\":{\"@id\":\"https:\\\/\\\/kakolabrewing.com\\\/en\\\/#website\"},\"primaryImageOfPage\":{\"@id\":\"https:\\\/\\\/kakolabrewing.com\\\/en\\\/tuote\\\/atelier-59-dark-lager-5\\\/#primaryimage\"},\"image\":{\"@id\":\"https:\\\/\\\/kakolabrewing.com\\\/en\\\/tuote\\\/atelier-59-dark-lager-5\\\/#primaryimage\"},\"thumbnailUrl\":\"https:\\\/\\\/kakolabrewing.com\\\/wp-content\\\/uploads\\\/2025\\\/11\\\/16.png\",\"datePublished\":\"2025-11-19T10:55:10+00:00\",\"dateModified\":\"2025-12-19T10:56:26+00:00\",\"breadcrumb\":{\"@id\":\"https:\\\/\\\/kakolabrewing.com\\\/en\\\/tuote\\\/atelier-59-dark-lager-5\\\/#breadcrumb\"},\"inLanguage\":\"en-US\",\"potentialAction\":[{\"@type\":\"ReadAction\",\"target\":[\"https:\\\/\\\/kakolabrewing.com\\\/en\\\/tuote\\\/atelier-59-dark-lager-5\\\/\"]}]},{\"@type\":\"ImageObject\",\"inLanguage\":\"en-US\",\"@id\":\"https:\\\/\\\/kakolabrewing.com\\\/en\\\/tuote\\\/atelier-59-dark-lager-5\\\/#primaryimage\",\"url\":\"https:\\\/\\\/kakolabrewing.com\\\/wp-content\\\/uploads\\\/2025\\\/11\\\/16.png\",\"contentUrl\":\"https:\\\/\\\/kakolabrewing.com\\\/wp-content\\\/uploads\\\/2025\\\/11\\\/16.png\",\"width\":1448,\"height\":2048},{\"@type\":\"BreadcrumbList\",\"@id\":\"https:\\\/\\\/kakolabrewing.com\\\/en\\\/tuote\\\/atelier-59-dark-lager-5\\\/#breadcrumb\",\"itemListElement\":[{\"@type\":\"ListItem\",\"position\":1,\"name\":\"Home\",\"item\":\"https:\\\/\\\/kakolabrewing.com\\\/en\\\/frontpage\\\/\"},{\"@type\":\"ListItem\",\"position\":2,\"name\":\"Shop\",\"item\":\"https:\\\/\\\/kakolabrewing.com\\\/en\\\/shop\\\/\"},{\"@type\":\"ListItem\",\"position\":3,\"name\":\"Atelier 59 Dark Lager 5%\"}]},{\"@type\":\"WebSite\",\"@id\":\"https:\\\/\\\/kakolabrewing.com\\\/en\\\/#website\",\"url\":\"https:\\\/\\\/kakolabrewing.com\\\/en\\\/\",\"name\":\"Kakola Brewing Company\",\"description\":\"Turku\",\"publisher\":{\"@id\":\"https:\\\/\\\/kakolabrewing.com\\\/en\\\/#organization\"},\"potentialAction\":[{\"@type\":\"SearchAction\",\"target\":{\"@type\":\"EntryPoint\",\"urlTemplate\":\"https:\\\/\\\/kakolabrewing.com\\\/en\\\/?s={search_term_string}\"},\"query-input\":{\"@type\":\"PropertyValueSpecification\",\"valueRequired\":true,\"valueName\":\"search_term_string\"}}],\"inLanguage\":\"en-US\"},{\"@type\":\"Organization\",\"@id\":\"https:\\\/\\\/kakolabrewing.com\\\/en\\\/#organization\",\"name\":\"Kakola Brewing Company\",\"url\":\"https:\\\/\\\/kakolabrewing.com\\\/en\\\/\",\"logo\":{\"@type\":\"ImageObject\",\"inLanguage\":\"en-US\",\"@id\":\"https:\\\/\\\/kakolabrewing.com\\\/en\\\/#\\\/schema\\\/logo\\\/image\\\/\",\"url\":\"https:\\\/\\\/kakolabrewing.com\\\/wp-content\\\/uploads\\\/2018\\\/03\\\/kakolabrewing-blue.png\",\"contentUrl\":\"https:\\\/\\\/kakolabrewing.com\\\/wp-content\\\/uploads\\\/2018\\\/03\\\/kakolabrewing-blue.png\",\"width\":1024,\"height\":1024,\"caption\":\"Kakola Brewing Company\"},\"image\":{\"@id\":\"https:\\\/\\\/kakolabrewing.com\\\/en\\\/#\\\/schema\\\/logo\\\/image\\\/\"},\"sameAs\":[\"https:\\\/\\\/www.facebook.com\\\/kakolabrewing\\\/\",\"https:\\\/\\\/www.linkedin.com\\\/company\\\/kakola-brewing-co\\\/\"]}]}<\/script>\n<!-- \/ Yoast SEO plugin. -->","yoast_head_json":{"title":"Atelier 59 Dark Lager 5% &#8212; Kakola Brewing Company","robots":{"index":"index","follow":"follow","max-snippet":"max-snippet:-1","max-image-preview":"max-image-preview:large","max-video-preview":"max-video-preview:-1"},"canonical":"https:\/\/kakolabrewing.com\/en\/tuote\/atelier-59-dark-lager-5\/","og_locale":"en_US","og_type":"article","og_title":"Atelier 59 Dark Lager 5% &#8212; Kakola Brewing Company","og_description":"Tumma, maltainen ja lempe\u00e4n paahteinen lager. Valmistettu ohramaltaista ja speltist\u00e4. Pehme\u00e4\u00e4 karamellisuutta kevyell\u00e4 puraisulla.  Rajallinen yhden er\u00e4n saatavuus.","og_url":"https:\/\/kakolabrewing.com\/en\/tuote\/atelier-59-dark-lager-5\/","og_site_name":"Kakola Brewing Company","article_publisher":"https:\/\/www.facebook.com\/kakolabrewing\/","article_modified_time":"2025-12-19T10:56:26+00:00","og_image":[{"width":724,"height":1024,"url":"https:\/\/kakolabrewing.com\/wp-content\/uploads\/2025\/11\/16-724x1024.png","type":"image\/png"}],"twitter_card":"summary_large_image","twitter_misc":{"Est. reading time":"1 minute"},"schema":{"@context":"https:\/\/schema.org","@graph":[{"@type":"WebPage","@id":"https:\/\/kakolabrewing.com\/en\/tuote\/atelier-59-dark-lager-5\/","url":"https:\/\/kakolabrewing.com\/en\/tuote\/atelier-59-dark-lager-5\/","name":"Atelier 59 Dark Lager 5% &#8212; Kakola Brewing Company","isPartOf":{"@id":"https:\/\/kakolabrewing.com\/en\/#website"},"primaryImageOfPage":{"@id":"https:\/\/kakolabrewing.com\/en\/tuote\/atelier-59-dark-lager-5\/#primaryimage"},"image":{"@id":"https:\/\/kakolabrewing.com\/en\/tuote\/atelier-59-dark-lager-5\/#primaryimage"},"thumbnailUrl":"https:\/\/kakolabrewing.com\/wp-content\/uploads\/2025\/11\/16.png","datePublished":"2025-11-19T10:55:10+00:00","dateModified":"2025-12-19T10:56:26+00:00","breadcrumb":{"@id":"https:\/\/kakolabrewing.com\/en\/tuote\/atelier-59-dark-lager-5\/#breadcrumb"},"inLanguage":"en-US","potentialAction":[{"@type":"ReadAction","target":["https:\/\/kakolabrewing.com\/en\/tuote\/atelier-59-dark-lager-5\/"]}]},{"@type":"ImageObject","inLanguage":"en-US","@id":"https:\/\/kakolabrewing.com\/en\/tuote\/atelier-59-dark-lager-5\/#primaryimage","url":"https:\/\/kakolabrewing.com\/wp-content\/uploads\/2025\/11\/16.png","contentUrl":"https:\/\/kakolabrewing.com\/wp-content\/uploads\/2025\/11\/16.png","width":1448,"height":2048},{"@type":"BreadcrumbList","@id":"https:\/\/kakolabrewing.com\/en\/tuote\/atelier-59-dark-lager-5\/#breadcrumb","itemListElement":[{"@type":"ListItem","position":1,"name":"Home","item":"https:\/\/kakolabrewing.com\/en\/frontpage\/"},{"@type":"ListItem","position":2,"name":"Shop","item":"https:\/\/kakolabrewing.com\/en\/shop\/"},{"@type":"ListItem","position":3,"name":"Atelier 59 Dark Lager 5%"}]},{"@type":"WebSite","@id":"https:\/\/kakolabrewing.com\/en\/#website","url":"https:\/\/kakolabrewing.com\/en\/","name":"Kakola Brewing Company","description":"Turku","publisher":{"@id":"https:\/\/kakolabrewing.com\/en\/#organization"},"potentialAction":[{"@type":"SearchAction","target":{"@type":"EntryPoint","urlTemplate":"https:\/\/kakolabrewing.com\/en\/?s={search_term_string}"},"query-input":{"@type":"PropertyValueSpecification","valueRequired":true,"valueName":"search_term_string"}}],"inLanguage":"en-US"},{"@type":"Organization","@id":"https:\/\/kakolabrewing.com\/en\/#organization","name":"Kakola Brewing Company","url":"https:\/\/kakolabrewing.com\/en\/","logo":{"@type":"ImageObject","inLanguage":"en-US","@id":"https:\/\/kakolabrewing.com\/en\/#\/schema\/logo\/image\/","url":"https:\/\/kakolabrewing.com\/wp-content\/uploads\/2018\/03\/kakolabrewing-blue.png","contentUrl":"https:\/\/kakolabrewing.com\/wp-content\/uploads\/2018\/03\/kakolabrewing-blue.png","width":1024,"height":1024,"caption":"Kakola Brewing Company"},"image":{"@id":"https:\/\/kakolabrewing.com\/en\/#\/schema\/logo\/image\/"},"sameAs":["https:\/\/www.facebook.com\/kakolabrewing\/","https:\/\/www.linkedin.com\/company\/kakola-brewing-co\/"]}]}},"_links":{"self":[{"href":"https:\/\/kakolabrewing.com\/en\/wp-json\/wp\/v2\/product\/9962","targetHints":{"allow":["GET"]}}],"collection":[{"href":"https:\/\/kakolabrewing.com\/en\/wp-json\/wp\/v2\/product"}],"about":[{"href":"https:\/\/kakolabrewing.com\/en\/wp-json\/wp\/v2\/types\/product"}],"wp:featuredmedia":[{"embeddable":true,"href":"https:\/\/kakolabrewing.com\/en\/wp-json\/wp\/v2\/media\/10102"}],"wp:attachment":[{"href":"https:\/\/kakolabrewing.com\/en\/wp-json\/wp\/v2\/media?parent=9962"}],"wp:term":[{"taxonomy":"product_brand","embeddable":true,"href":"https:\/\/kakolabrewing.com\/en\/wp-json\/wp\/v2\/product_brand?post=9962"},{"taxonomy":"product_cat","embeddable":true,"href":"https:\/\/kakolabrewing.com\/en\/wp-json\/wp\/v2\/product_cat?post=9962"},{"taxonomy":"product_tag","embeddable":true,"href":"https:\/\/kakolabrewing.com\/en\/wp-json\/wp\/v2\/product_tag?post=9962"}],"curies":[{"name":"wp","href":"https:\/\/api.w.org\/{rel}","templated":true}]}}