{"id":4119,"date":"2021-11-12T13:14:58","date_gmt":"2021-11-12T11:14:58","guid":{"rendered":"https:\/\/kakolabrewing.com\/?post_type=product&#038;p=4119"},"modified":"2022-12-08T14:24:10","modified_gmt":"2022-12-08T12:24:10","slug":"lahjakortti-paperi","status":"publish","type":"product","link":"https:\/\/kakolabrewing.com\/en\/tuote\/lahjakortti-paperi\/","title":{"rendered":"Lahjakortti (Paperi)"},"content":{"rendered":"<p><span style=\"font-weight: 400;\">T\u00e4ydellinen lahja juuri h\u00e4nelle, kenell\u00e4 on jo kaikkea \ud83d\ude00\u00a0<\/span><\/p>\n<p>Fyysinen lahjakortti, jota voidaan toimittaa postilla kotiin tai noutaa meilt\u00e4 paikan p\u00e4\u00e4lt\u00e4.<br \/>\nJos etsit s\u00e4hk\u00f6postilla toimitettavaa digitaalista lahjakorttia, l\u00f6yd\u00e4t sen <a href=\"http:\/\/kakolabrewing.com\/tuote\/lahjakortti-digi\/\">t\u00e4\u00e4lt\u00e4!<\/a><\/p>\n<p><span style=\"font-weight: 400;\">Lahjakortti toimii maksuv\u00e4lineen\u00e4 kaikkiin panimon myym\u00e4l\u00e4st\u00e4 saataviin tuotteisiin, nettikauppaan sek\u00e4 KBC Taproomiin.<br \/>\nLahjakortti on voimassa 12 kk.\u00a0<\/span><\/p>\n","protected":false},"excerpt":{"rendered":"<p><span style=\"font-weight: 400;\">T\u00e4ydellinen lahja juuri h\u00e4nelle, kenell\u00e4 on jo kaikkea \ud83d\ude00\u00a0<\/span><\/p>\n<p>Fyysinen lahjakortti, jota voidaan toimittaa postilla kotiin tai noutaa meilt\u00e4 paikan p\u00e4\u00e4lt\u00e4.<br \/>\nJos etsit s\u00e4hk\u00f6postilla toimitettavaa digitaalista lahjakorttia, l\u00f6yd\u00e4t sen <a href=\"http:\/\/kakolabrewing.com\/tuote\/lahjakortti-digi\/\">t\u00e4\u00e4lt\u00e4!<\/a><\/p>\n<p><span style=\"font-weight: 400;\">Lahjakortti toimii maksuv\u00e4lineen\u00e4 kaikkiin panimon myym\u00e4l\u00e4st\u00e4 saataviin tuotteisiin, nettikauppaan sek\u00e4 KBC Taproomiin.<br \/>\nLahjakortti on voimassa 12 kk.\u00a0<\/span><\/p>\n<p> <a class=\"more-link\" href=\"https:\/\/kakolabrewing.com\/en\/tuote\/lahjakortti-paperi\/\">Read more<\/a><\/p>","protected":false},"featured_media":3959,"template":"","meta":[],"product_brand":[],"product_cat":[84],"product_tag":[],"class_list":{"0":"post-4119","1":"product","2":"type-product","3":"status-publish","4":"has-post-thumbnail","6":"product_cat-lahjakortti","8":"first","9":"instock","10":"taxable","11":"shipping-taxable","12":"purchasable","13":"product-type-pw-gift-card","14":"has-default-attributes"},"bundle_layout":"","bundle_add_to_cart_form_location":"","bundle_editable_in_cart":false,"bundle_sold_individually_context":"","bundle_item_grouping":"","bundle_min_size":"","bundle_max_size":"","bundled_by":[],"bundled_items":[],"yoast_head":"<!-- This site is optimized with the Yoast SEO plugin v27.5 - https:\/\/yoast.com\/product\/yoast-seo-wordpress\/ -->\n<title>Lahjakortti (Paperi) &#8212; Kakola Brewing Company<\/title>\n<meta name=\"robots\" content=\"index, follow, max-snippet:-1, max-image-preview:large, max-video-preview:-1\" \/>\n<link rel=\"canonical\" href=\"https:\/\/kakolabrewing.com\/en\/tuote\/lahjakortti-paperi\/\" \/>\n<meta property=\"og:locale\" content=\"en_US\" \/>\n<meta property=\"og:type\" content=\"article\" \/>\n<meta property=\"og:title\" content=\"Lahjakortti (Paperi) &#8212; Kakola Brewing Company\" \/>\n<meta property=\"og:description\" content=\"T\u00e4ydellinen lahja juuri h\u00e4nelle, kenell\u00e4 on jo kaikkea :D\u00a0  Fyysinen lahjakortti, jota voidaan toimittaa postilla kotiin tai noutaa meilt\u00e4 paikan p\u00e4\u00e4lt\u00e4. Jos etsit s\u00e4hk\u00f6postilla toimitettavaa digitaalista lahjakorttia, l\u00f6yd\u00e4t sen t\u00e4\u00e4lt\u00e4!  Lahjakortti toimii maksuv\u00e4lineen\u00e4 kaikkiin panimon myym\u00e4l\u00e4st\u00e4 saataviin tuotteisiin, nettikauppaan sek\u00e4 KBC Taproomiin. Lahjakortti on voimassa 12 kk.\u00a0\" \/>\n<meta property=\"og:url\" content=\"https:\/\/kakolabrewing.com\/en\/tuote\/lahjakortti-paperi\/\" \/>\n<meta property=\"og:site_name\" content=\"Kakola Brewing Company\" \/>\n<meta property=\"article:publisher\" content=\"https:\/\/www.facebook.com\/kakolabrewing\/\" \/>\n<meta property=\"article:modified_time\" content=\"2022-12-08T12:24:10+00:00\" \/>\n<meta property=\"og:image\" content=\"https:\/\/kakolabrewing.com\/wp-content\/uploads\/2020\/04\/WhatsApp-Image-2021-11-08-at-15.04.23.jpeg\" \/>\n\t<meta property=\"og:image:width\" content=\"1600\" \/>\n\t<meta property=\"og:image:height\" content=\"1051\" \/>\n\t<meta property=\"og:image:type\" content=\"image\/jpeg\" \/>\n<meta name=\"twitter:card\" content=\"summary_large_image\" \/>\n<meta name=\"twitter:label1\" content=\"Est. reading time\" \/>\n\t<meta name=\"twitter:data1\" content=\"1 minute\" \/>\n<script type=\"application\/ld+json\" class=\"yoast-schema-graph\">{\"@context\":\"https:\\\/\\\/schema.org\",\"@graph\":[{\"@type\":\"WebPage\",\"@id\":\"https:\\\/\\\/kakolabrewing.com\\\/en\\\/tuote\\\/lahjakortti-paperi\\\/\",\"url\":\"https:\\\/\\\/kakolabrewing.com\\\/en\\\/tuote\\\/lahjakortti-paperi\\\/\",\"name\":\"Lahjakortti (Paperi) &#8212; Kakola Brewing Company\",\"isPartOf\":{\"@id\":\"https:\\\/\\\/kakolabrewing.com\\\/en\\\/#website\"},\"primaryImageOfPage\":{\"@id\":\"https:\\\/\\\/kakolabrewing.com\\\/en\\\/tuote\\\/lahjakortti-paperi\\\/#primaryimage\"},\"image\":{\"@id\":\"https:\\\/\\\/kakolabrewing.com\\\/en\\\/tuote\\\/lahjakortti-paperi\\\/#primaryimage\"},\"thumbnailUrl\":\"https:\\\/\\\/kakolabrewing.com\\\/wp-content\\\/uploads\\\/2020\\\/04\\\/WhatsApp-Image-2021-11-08-at-15.04.23.jpeg\",\"datePublished\":\"2021-11-12T11:14:58+00:00\",\"dateModified\":\"2022-12-08T12:24:10+00:00\",\"breadcrumb\":{\"@id\":\"https:\\\/\\\/kakolabrewing.com\\\/en\\\/tuote\\\/lahjakortti-paperi\\\/#breadcrumb\"},\"inLanguage\":\"en-US\",\"potentialAction\":[{\"@type\":\"ReadAction\",\"target\":[\"https:\\\/\\\/kakolabrewing.com\\\/en\\\/tuote\\\/lahjakortti-paperi\\\/\"]}]},{\"@type\":\"ImageObject\",\"inLanguage\":\"en-US\",\"@id\":\"https:\\\/\\\/kakolabrewing.com\\\/en\\\/tuote\\\/lahjakortti-paperi\\\/#primaryimage\",\"url\":\"https:\\\/\\\/kakolabrewing.com\\\/wp-content\\\/uploads\\\/2020\\\/04\\\/WhatsApp-Image-2021-11-08-at-15.04.23.jpeg\",\"contentUrl\":\"https:\\\/\\\/kakolabrewing.com\\\/wp-content\\\/uploads\\\/2020\\\/04\\\/WhatsApp-Image-2021-11-08-at-15.04.23.jpeg\",\"width\":1600,\"height\":1051},{\"@type\":\"BreadcrumbList\",\"@id\":\"https:\\\/\\\/kakolabrewing.com\\\/en\\\/tuote\\\/lahjakortti-paperi\\\/#breadcrumb\",\"itemListElement\":[{\"@type\":\"ListItem\",\"position\":1,\"name\":\"Home\",\"item\":\"https:\\\/\\\/kakolabrewing.com\\\/en\\\/frontpage\\\/\"},{\"@type\":\"ListItem\",\"position\":2,\"name\":\"Shop\",\"item\":\"https:\\\/\\\/kakolabrewing.com\\\/en\\\/shop\\\/\"},{\"@type\":\"ListItem\",\"position\":3,\"name\":\"Lahjakortti (Paperi)\"}]},{\"@type\":\"WebSite\",\"@id\":\"https:\\\/\\\/kakolabrewing.com\\\/en\\\/#website\",\"url\":\"https:\\\/\\\/kakolabrewing.com\\\/en\\\/\",\"name\":\"Kakola Brewing Company\",\"description\":\"Turku\",\"publisher\":{\"@id\":\"https:\\\/\\\/kakolabrewing.com\\\/en\\\/#organization\"},\"potentialAction\":[{\"@type\":\"SearchAction\",\"target\":{\"@type\":\"EntryPoint\",\"urlTemplate\":\"https:\\\/\\\/kakolabrewing.com\\\/en\\\/?s={search_term_string}\"},\"query-input\":{\"@type\":\"PropertyValueSpecification\",\"valueRequired\":true,\"valueName\":\"search_term_string\"}}],\"inLanguage\":\"en-US\"},{\"@type\":\"Organization\",\"@id\":\"https:\\\/\\\/kakolabrewing.com\\\/en\\\/#organization\",\"name\":\"Kakola Brewing Company\",\"url\":\"https:\\\/\\\/kakolabrewing.com\\\/en\\\/\",\"logo\":{\"@type\":\"ImageObject\",\"inLanguage\":\"en-US\",\"@id\":\"https:\\\/\\\/kakolabrewing.com\\\/en\\\/#\\\/schema\\\/logo\\\/image\\\/\",\"url\":\"https:\\\/\\\/kakolabrewing.com\\\/wp-content\\\/uploads\\\/2018\\\/03\\\/kakolabrewing-blue.png\",\"contentUrl\":\"https:\\\/\\\/kakolabrewing.com\\\/wp-content\\\/uploads\\\/2018\\\/03\\\/kakolabrewing-blue.png\",\"width\":1024,\"height\":1024,\"caption\":\"Kakola Brewing Company\"},\"image\":{\"@id\":\"https:\\\/\\\/kakolabrewing.com\\\/en\\\/#\\\/schema\\\/logo\\\/image\\\/\"},\"sameAs\":[\"https:\\\/\\\/www.facebook.com\\\/kakolabrewing\\\/\",\"https:\\\/\\\/www.linkedin.com\\\/company\\\/kakola-brewing-co\\\/\"]}]}<\/script>\n<!-- \/ Yoast SEO plugin. -->","yoast_head_json":{"title":"Lahjakortti (Paperi) &#8212; Kakola Brewing Company","robots":{"index":"index","follow":"follow","max-snippet":"max-snippet:-1","max-image-preview":"max-image-preview:large","max-video-preview":"max-video-preview:-1"},"canonical":"https:\/\/kakolabrewing.com\/en\/tuote\/lahjakortti-paperi\/","og_locale":"en_US","og_type":"article","og_title":"Lahjakortti (Paperi) &#8212; Kakola Brewing Company","og_description":"T\u00e4ydellinen lahja juuri h\u00e4nelle, kenell\u00e4 on jo kaikkea :D\u00a0  Fyysinen lahjakortti, jota voidaan toimittaa postilla kotiin tai noutaa meilt\u00e4 paikan p\u00e4\u00e4lt\u00e4. Jos etsit s\u00e4hk\u00f6postilla toimitettavaa digitaalista lahjakorttia, l\u00f6yd\u00e4t sen t\u00e4\u00e4lt\u00e4!  Lahjakortti toimii maksuv\u00e4lineen\u00e4 kaikkiin panimon myym\u00e4l\u00e4st\u00e4 saataviin tuotteisiin, nettikauppaan sek\u00e4 KBC Taproomiin. Lahjakortti on voimassa 12 kk.\u00a0","og_url":"https:\/\/kakolabrewing.com\/en\/tuote\/lahjakortti-paperi\/","og_site_name":"Kakola Brewing Company","article_publisher":"https:\/\/www.facebook.com\/kakolabrewing\/","article_modified_time":"2022-12-08T12:24:10+00:00","og_image":[{"width":1600,"height":1051,"url":"https:\/\/kakolabrewing.com\/wp-content\/uploads\/2020\/04\/WhatsApp-Image-2021-11-08-at-15.04.23.jpeg","type":"image\/jpeg"}],"twitter_card":"summary_large_image","twitter_misc":{"Est. reading time":"1 minute"},"schema":{"@context":"https:\/\/schema.org","@graph":[{"@type":"WebPage","@id":"https:\/\/kakolabrewing.com\/en\/tuote\/lahjakortti-paperi\/","url":"https:\/\/kakolabrewing.com\/en\/tuote\/lahjakortti-paperi\/","name":"Lahjakortti (Paperi) &#8212; Kakola Brewing Company","isPartOf":{"@id":"https:\/\/kakolabrewing.com\/en\/#website"},"primaryImageOfPage":{"@id":"https:\/\/kakolabrewing.com\/en\/tuote\/lahjakortti-paperi\/#primaryimage"},"image":{"@id":"https:\/\/kakolabrewing.com\/en\/tuote\/lahjakortti-paperi\/#primaryimage"},"thumbnailUrl":"https:\/\/kakolabrewing.com\/wp-content\/uploads\/2020\/04\/WhatsApp-Image-2021-11-08-at-15.04.23.jpeg","datePublished":"2021-11-12T11:14:58+00:00","dateModified":"2022-12-08T12:24:10+00:00","breadcrumb":{"@id":"https:\/\/kakolabrewing.com\/en\/tuote\/lahjakortti-paperi\/#breadcrumb"},"inLanguage":"en-US","potentialAction":[{"@type":"ReadAction","target":["https:\/\/kakolabrewing.com\/en\/tuote\/lahjakortti-paperi\/"]}]},{"@type":"ImageObject","inLanguage":"en-US","@id":"https:\/\/kakolabrewing.com\/en\/tuote\/lahjakortti-paperi\/#primaryimage","url":"https:\/\/kakolabrewing.com\/wp-content\/uploads\/2020\/04\/WhatsApp-Image-2021-11-08-at-15.04.23.jpeg","contentUrl":"https:\/\/kakolabrewing.com\/wp-content\/uploads\/2020\/04\/WhatsApp-Image-2021-11-08-at-15.04.23.jpeg","width":1600,"height":1051},{"@type":"BreadcrumbList","@id":"https:\/\/kakolabrewing.com\/en\/tuote\/lahjakortti-paperi\/#breadcrumb","itemListElement":[{"@type":"ListItem","position":1,"name":"Home","item":"https:\/\/kakolabrewing.com\/en\/frontpage\/"},{"@type":"ListItem","position":2,"name":"Shop","item":"https:\/\/kakolabrewing.com\/en\/shop\/"},{"@type":"ListItem","position":3,"name":"Lahjakortti (Paperi)"}]},{"@type":"WebSite","@id":"https:\/\/kakolabrewing.com\/en\/#website","url":"https:\/\/kakolabrewing.com\/en\/","name":"Kakola Brewing Company","description":"Turku","publisher":{"@id":"https:\/\/kakolabrewing.com\/en\/#organization"},"potentialAction":[{"@type":"SearchAction","target":{"@type":"EntryPoint","urlTemplate":"https:\/\/kakolabrewing.com\/en\/?s={search_term_string}"},"query-input":{"@type":"PropertyValueSpecification","valueRequired":true,"valueName":"search_term_string"}}],"inLanguage":"en-US"},{"@type":"Organization","@id":"https:\/\/kakolabrewing.com\/en\/#organization","name":"Kakola Brewing Company","url":"https:\/\/kakolabrewing.com\/en\/","logo":{"@type":"ImageObject","inLanguage":"en-US","@id":"https:\/\/kakolabrewing.com\/en\/#\/schema\/logo\/image\/","url":"https:\/\/kakolabrewing.com\/wp-content\/uploads\/2018\/03\/kakolabrewing-blue.png","contentUrl":"https:\/\/kakolabrewing.com\/wp-content\/uploads\/2018\/03\/kakolabrewing-blue.png","width":1024,"height":1024,"caption":"Kakola Brewing Company"},"image":{"@id":"https:\/\/kakolabrewing.com\/en\/#\/schema\/logo\/image\/"},"sameAs":["https:\/\/www.facebook.com\/kakolabrewing\/","https:\/\/www.linkedin.com\/company\/kakola-brewing-co\/"]}]}},"_links":{"self":[{"href":"https:\/\/kakolabrewing.com\/en\/wp-json\/wp\/v2\/product\/4119","targetHints":{"allow":["GET"]}}],"collection":[{"href":"https:\/\/kakolabrewing.com\/en\/wp-json\/wp\/v2\/product"}],"about":[{"href":"https:\/\/kakolabrewing.com\/en\/wp-json\/wp\/v2\/types\/product"}],"wp:featuredmedia":[{"embeddable":true,"href":"https:\/\/kakolabrewing.com\/en\/wp-json\/wp\/v2\/media\/3959"}],"wp:attachment":[{"href":"https:\/\/kakolabrewing.com\/en\/wp-json\/wp\/v2\/media?parent=4119"}],"wp:term":[{"taxonomy":"product_brand","embeddable":true,"href":"https:\/\/kakolabrewing.com\/en\/wp-json\/wp\/v2\/product_brand?post=4119"},{"taxonomy":"product_cat","embeddable":true,"href":"https:\/\/kakolabrewing.com\/en\/wp-json\/wp\/v2\/product_cat?post=4119"},{"taxonomy":"product_tag","embeddable":true,"href":"https:\/\/kakolabrewing.com\/en\/wp-json\/wp\/v2\/product_tag?post=4119"}],"curies":[{"name":"wp","href":"https:\/\/api.w.org\/{rel}","templated":true}]}}