{"id":1918,"date":"2025-11-22T19:08:54","date_gmt":"2025-11-22T17:08:54","guid":{"rendered":"https:\/\/kakolabrewing.com\/?post_type=product&#038;p=1918"},"modified":"2026-05-01T13:02:14","modified_gmt":"2026-05-01T10:02:14","slug":"puuha","status":"publish","type":"product","link":"https:\/\/kakolabrewing.com\/en\/tuote\/puuha\/","title":{"rendered":"Puuha Weisse"},"content":{"rendered":"<p>Puuha on klassisen raikas saksalaistyylinen vehn\u00e4olut. T\u00e4ydellinen nautittavaksi kev\u00e4taskareiden parissa.<\/p>\n<p>\u2013<\/p>\n<p><strong>Vehmas virkist\u00e4j\u00e4<\/strong><\/p>\n<p>Koot: 330ml \/ 30l Keykeg<br \/>\n5,4% Alc.<br \/>\n\u2013<br \/>\nEtikettitaiteen takana Eija Vehvil\u00e4inen, helsinkil\u00e4inen kuvittaja.<\/p>\n<p>Lis\u00e4\u00e4 Eijan t\u00f6it\u00e4: <a href=\"https:\/\/www.instagram.com\/eijavehvilainen\/\" target=\"_blank\" rel=\"noopener noreferrer\">www.instagram.com\/eijavehvilainen<\/a><\/p>\n","protected":false},"excerpt":{"rendered":"<p>Puuha on klassisen raikas saksalaistyylinen vehn\u00e4olut.<br \/>\nT\u00e4ydellinen nautittavaksi kev\u00e4taskareiden parissa.<\/p>\n<p>Etikettitaiteen takana Eija Vehvil\u00e4inen, helsinkil\u00e4inen kuvittaja.<\/p>\n<p>Lis\u00e4\u00e4 Eijan t\u00f6it\u00e4: <a href=\"https:\/\/www.instagram.com\/eijavehvilainen\/\" target=\"_blank\" rel=\"noopener noreferrer\">www.instagram.com\/eijavehvilainen<\/a><\/p>\n<p><strong>Season 2026 julkaisu 01.05.2026<\/strong><\/p>\n<p> <a class=\"more-link\" href=\"https:\/\/kakolabrewing.com\/en\/tuote\/puuha\/\">Read more<\/a><\/p>","protected":false},"featured_media":10265,"template":"","meta":[],"product_brand":[],"product_cat":[34],"product_tag":[73],"class_list":{"0":"post-1918","1":"product","2":"type-product","3":"status-publish","4":"has-post-thumbnail","6":"product_cat-beers","7":"product_tag-turkulainen-tuhkimo","9":"first","10":"instock","11":"featured","12":"virtual","13":"taxable","14":"purchasable","15":"product-type-simple"},"bundle_layout":"","bundle_add_to_cart_form_location":"","bundle_editable_in_cart":false,"bundle_sold_individually_context":"","bundle_item_grouping":"","bundle_min_size":"","bundle_max_size":"","bundled_by":[],"bundled_items":[],"yoast_head":"<!-- This site is optimized with the Yoast SEO plugin v27.5 - https:\/\/yoast.com\/product\/yoast-seo-wordpress\/ -->\n<title>Puuha Weisse &#8212; Kakola Brewing Company<\/title>\n<meta name=\"robots\" content=\"index, follow, max-snippet:-1, max-image-preview:large, max-video-preview:-1\" \/>\n<link rel=\"canonical\" href=\"https:\/\/kakolabrewing.com\/en\/tuote\/puuha\/\" \/>\n<meta property=\"og:locale\" content=\"en_US\" \/>\n<meta property=\"og:type\" content=\"article\" \/>\n<meta property=\"og:title\" content=\"Puuha Weisse &#8212; Kakola Brewing Company\" \/>\n<meta property=\"og:description\" content=\"Puuha on klassisen raikas saksalaistyylinen vehn\u00e4olut. T\u00e4ydellinen nautittavaksi kev\u00e4taskareiden parissa.  Etikettitaiteen takana Eija Vehvil\u00e4inen, helsinkil\u00e4inen kuvittaja.  Lis\u00e4\u00e4 Eijan t\u00f6it\u00e4: www.instagram.com\/eijavehvilainen  Season 2026 julkaisu 01.05.2026\" \/>\n<meta property=\"og:url\" content=\"https:\/\/kakolabrewing.com\/en\/tuote\/puuha\/\" \/>\n<meta property=\"og:site_name\" content=\"Kakola Brewing Company\" \/>\n<meta property=\"article:publisher\" content=\"https:\/\/www.facebook.com\/kakolabrewing\/\" \/>\n<meta property=\"article:modified_time\" content=\"2026-05-01T10:02:14+00:00\" \/>\n<meta property=\"og:image\" content=\"https:\/\/kakolabrewing.com\/wp-content\/uploads\/2025\/11\/Nettikauppakuvien-pohja-7-724x1024.png\" \/>\n\t<meta property=\"og:image:width\" content=\"724\" \/>\n\t<meta property=\"og:image:height\" content=\"1024\" \/>\n\t<meta property=\"og:image:type\" content=\"image\/png\" \/>\n<meta name=\"twitter:card\" content=\"summary_large_image\" \/>\n<meta name=\"twitter:label1\" content=\"Est. reading time\" \/>\n\t<meta name=\"twitter:data1\" content=\"1 minute\" \/>\n<script type=\"application\/ld+json\" class=\"yoast-schema-graph\">{\"@context\":\"https:\\\/\\\/schema.org\",\"@graph\":[{\"@type\":\"WebPage\",\"@id\":\"https:\\\/\\\/kakolabrewing.com\\\/en\\\/tuote\\\/puuha\\\/\",\"url\":\"https:\\\/\\\/kakolabrewing.com\\\/en\\\/tuote\\\/puuha\\\/\",\"name\":\"Puuha Weisse &#8212; Kakola Brewing Company\",\"isPartOf\":{\"@id\":\"https:\\\/\\\/kakolabrewing.com\\\/en\\\/#website\"},\"primaryImageOfPage\":{\"@id\":\"https:\\\/\\\/kakolabrewing.com\\\/en\\\/tuote\\\/puuha\\\/#primaryimage\"},\"image\":{\"@id\":\"https:\\\/\\\/kakolabrewing.com\\\/en\\\/tuote\\\/puuha\\\/#primaryimage\"},\"thumbnailUrl\":\"https:\\\/\\\/kakolabrewing.com\\\/wp-content\\\/uploads\\\/2025\\\/11\\\/Nettikauppakuvien-pohja-7.png\",\"datePublished\":\"2025-11-22T17:08:54+00:00\",\"dateModified\":\"2026-05-01T10:02:14+00:00\",\"breadcrumb\":{\"@id\":\"https:\\\/\\\/kakolabrewing.com\\\/en\\\/tuote\\\/puuha\\\/#breadcrumb\"},\"inLanguage\":\"en-US\",\"potentialAction\":[{\"@type\":\"ReadAction\",\"target\":[\"https:\\\/\\\/kakolabrewing.com\\\/en\\\/tuote\\\/puuha\\\/\"]}]},{\"@type\":\"ImageObject\",\"inLanguage\":\"en-US\",\"@id\":\"https:\\\/\\\/kakolabrewing.com\\\/en\\\/tuote\\\/puuha\\\/#primaryimage\",\"url\":\"https:\\\/\\\/kakolabrewing.com\\\/wp-content\\\/uploads\\\/2025\\\/11\\\/Nettikauppakuvien-pohja-7.png\",\"contentUrl\":\"https:\\\/\\\/kakolabrewing.com\\\/wp-content\\\/uploads\\\/2025\\\/11\\\/Nettikauppakuvien-pohja-7.png\",\"width\":1448,\"height\":2048},{\"@type\":\"BreadcrumbList\",\"@id\":\"https:\\\/\\\/kakolabrewing.com\\\/en\\\/tuote\\\/puuha\\\/#breadcrumb\",\"itemListElement\":[{\"@type\":\"ListItem\",\"position\":1,\"name\":\"Home\",\"item\":\"https:\\\/\\\/kakolabrewing.com\\\/en\\\/frontpage\\\/\"},{\"@type\":\"ListItem\",\"position\":2,\"name\":\"Shop\",\"item\":\"https:\\\/\\\/kakolabrewing.com\\\/en\\\/shop\\\/\"},{\"@type\":\"ListItem\",\"position\":3,\"name\":\"Puuha Weisse\"}]},{\"@type\":\"WebSite\",\"@id\":\"https:\\\/\\\/kakolabrewing.com\\\/en\\\/#website\",\"url\":\"https:\\\/\\\/kakolabrewing.com\\\/en\\\/\",\"name\":\"Kakola Brewing Company\",\"description\":\"Turku\",\"publisher\":{\"@id\":\"https:\\\/\\\/kakolabrewing.com\\\/en\\\/#organization\"},\"potentialAction\":[{\"@type\":\"SearchAction\",\"target\":{\"@type\":\"EntryPoint\",\"urlTemplate\":\"https:\\\/\\\/kakolabrewing.com\\\/en\\\/?s={search_term_string}\"},\"query-input\":{\"@type\":\"PropertyValueSpecification\",\"valueRequired\":true,\"valueName\":\"search_term_string\"}}],\"inLanguage\":\"en-US\"},{\"@type\":\"Organization\",\"@id\":\"https:\\\/\\\/kakolabrewing.com\\\/en\\\/#organization\",\"name\":\"Kakola Brewing Company\",\"url\":\"https:\\\/\\\/kakolabrewing.com\\\/en\\\/\",\"logo\":{\"@type\":\"ImageObject\",\"inLanguage\":\"en-US\",\"@id\":\"https:\\\/\\\/kakolabrewing.com\\\/en\\\/#\\\/schema\\\/logo\\\/image\\\/\",\"url\":\"https:\\\/\\\/kakolabrewing.com\\\/wp-content\\\/uploads\\\/2018\\\/03\\\/kakolabrewing-blue.png\",\"contentUrl\":\"https:\\\/\\\/kakolabrewing.com\\\/wp-content\\\/uploads\\\/2018\\\/03\\\/kakolabrewing-blue.png\",\"width\":1024,\"height\":1024,\"caption\":\"Kakola Brewing Company\"},\"image\":{\"@id\":\"https:\\\/\\\/kakolabrewing.com\\\/en\\\/#\\\/schema\\\/logo\\\/image\\\/\"},\"sameAs\":[\"https:\\\/\\\/www.facebook.com\\\/kakolabrewing\\\/\",\"https:\\\/\\\/www.linkedin.com\\\/company\\\/kakola-brewing-co\\\/\"]}]}<\/script>\n<!-- \/ Yoast SEO plugin. -->","yoast_head_json":{"title":"Puuha Weisse &#8212; Kakola Brewing Company","robots":{"index":"index","follow":"follow","max-snippet":"max-snippet:-1","max-image-preview":"max-image-preview:large","max-video-preview":"max-video-preview:-1"},"canonical":"https:\/\/kakolabrewing.com\/en\/tuote\/puuha\/","og_locale":"en_US","og_type":"article","og_title":"Puuha Weisse &#8212; Kakola Brewing Company","og_description":"Puuha on klassisen raikas saksalaistyylinen vehn\u00e4olut. T\u00e4ydellinen nautittavaksi kev\u00e4taskareiden parissa.  Etikettitaiteen takana Eija Vehvil\u00e4inen, helsinkil\u00e4inen kuvittaja.  Lis\u00e4\u00e4 Eijan t\u00f6it\u00e4: www.instagram.com\/eijavehvilainen  Season 2026 julkaisu 01.05.2026","og_url":"https:\/\/kakolabrewing.com\/en\/tuote\/puuha\/","og_site_name":"Kakola Brewing Company","article_publisher":"https:\/\/www.facebook.com\/kakolabrewing\/","article_modified_time":"2026-05-01T10:02:14+00:00","og_image":[{"width":724,"height":1024,"url":"https:\/\/kakolabrewing.com\/wp-content\/uploads\/2025\/11\/Nettikauppakuvien-pohja-7-724x1024.png","type":"image\/png"}],"twitter_card":"summary_large_image","twitter_misc":{"Est. reading time":"1 minute"},"schema":{"@context":"https:\/\/schema.org","@graph":[{"@type":"WebPage","@id":"https:\/\/kakolabrewing.com\/en\/tuote\/puuha\/","url":"https:\/\/kakolabrewing.com\/en\/tuote\/puuha\/","name":"Puuha Weisse &#8212; Kakola Brewing Company","isPartOf":{"@id":"https:\/\/kakolabrewing.com\/en\/#website"},"primaryImageOfPage":{"@id":"https:\/\/kakolabrewing.com\/en\/tuote\/puuha\/#primaryimage"},"image":{"@id":"https:\/\/kakolabrewing.com\/en\/tuote\/puuha\/#primaryimage"},"thumbnailUrl":"https:\/\/kakolabrewing.com\/wp-content\/uploads\/2025\/11\/Nettikauppakuvien-pohja-7.png","datePublished":"2025-11-22T17:08:54+00:00","dateModified":"2026-05-01T10:02:14+00:00","breadcrumb":{"@id":"https:\/\/kakolabrewing.com\/en\/tuote\/puuha\/#breadcrumb"},"inLanguage":"en-US","potentialAction":[{"@type":"ReadAction","target":["https:\/\/kakolabrewing.com\/en\/tuote\/puuha\/"]}]},{"@type":"ImageObject","inLanguage":"en-US","@id":"https:\/\/kakolabrewing.com\/en\/tuote\/puuha\/#primaryimage","url":"https:\/\/kakolabrewing.com\/wp-content\/uploads\/2025\/11\/Nettikauppakuvien-pohja-7.png","contentUrl":"https:\/\/kakolabrewing.com\/wp-content\/uploads\/2025\/11\/Nettikauppakuvien-pohja-7.png","width":1448,"height":2048},{"@type":"BreadcrumbList","@id":"https:\/\/kakolabrewing.com\/en\/tuote\/puuha\/#breadcrumb","itemListElement":[{"@type":"ListItem","position":1,"name":"Home","item":"https:\/\/kakolabrewing.com\/en\/frontpage\/"},{"@type":"ListItem","position":2,"name":"Shop","item":"https:\/\/kakolabrewing.com\/en\/shop\/"},{"@type":"ListItem","position":3,"name":"Puuha Weisse"}]},{"@type":"WebSite","@id":"https:\/\/kakolabrewing.com\/en\/#website","url":"https:\/\/kakolabrewing.com\/en\/","name":"Kakola Brewing Company","description":"Turku","publisher":{"@id":"https:\/\/kakolabrewing.com\/en\/#organization"},"potentialAction":[{"@type":"SearchAction","target":{"@type":"EntryPoint","urlTemplate":"https:\/\/kakolabrewing.com\/en\/?s={search_term_string}"},"query-input":{"@type":"PropertyValueSpecification","valueRequired":true,"valueName":"search_term_string"}}],"inLanguage":"en-US"},{"@type":"Organization","@id":"https:\/\/kakolabrewing.com\/en\/#organization","name":"Kakola Brewing Company","url":"https:\/\/kakolabrewing.com\/en\/","logo":{"@type":"ImageObject","inLanguage":"en-US","@id":"https:\/\/kakolabrewing.com\/en\/#\/schema\/logo\/image\/","url":"https:\/\/kakolabrewing.com\/wp-content\/uploads\/2018\/03\/kakolabrewing-blue.png","contentUrl":"https:\/\/kakolabrewing.com\/wp-content\/uploads\/2018\/03\/kakolabrewing-blue.png","width":1024,"height":1024,"caption":"Kakola Brewing Company"},"image":{"@id":"https:\/\/kakolabrewing.com\/en\/#\/schema\/logo\/image\/"},"sameAs":["https:\/\/www.facebook.com\/kakolabrewing\/","https:\/\/www.linkedin.com\/company\/kakola-brewing-co\/"]}]}},"_links":{"self":[{"href":"https:\/\/kakolabrewing.com\/en\/wp-json\/wp\/v2\/product\/1918","targetHints":{"allow":["GET"]}}],"collection":[{"href":"https:\/\/kakolabrewing.com\/en\/wp-json\/wp\/v2\/product"}],"about":[{"href":"https:\/\/kakolabrewing.com\/en\/wp-json\/wp\/v2\/types\/product"}],"wp:featuredmedia":[{"embeddable":true,"href":"https:\/\/kakolabrewing.com\/en\/wp-json\/wp\/v2\/media\/10265"}],"wp:attachment":[{"href":"https:\/\/kakolabrewing.com\/en\/wp-json\/wp\/v2\/media?parent=1918"}],"wp:term":[{"taxonomy":"product_brand","embeddable":true,"href":"https:\/\/kakolabrewing.com\/en\/wp-json\/wp\/v2\/product_brand?post=1918"},{"taxonomy":"product_cat","embeddable":true,"href":"https:\/\/kakolabrewing.com\/en\/wp-json\/wp\/v2\/product_cat?post=1918"},{"taxonomy":"product_tag","embeddable":true,"href":"https:\/\/kakolabrewing.com\/en\/wp-json\/wp\/v2\/product_tag?post=1918"}],"curies":[{"name":"wp","href":"https:\/\/api.w.org\/{rel}","templated":true}]}}