{"id":1826,"date":"2020-04-14T10:30:47","date_gmt":"2020-04-14T07:30:47","guid":{"rendered":"https:\/\/kakolabrewing.com\/?post_type=product&#038;p=1826"},"modified":"2025-06-11T13:23:06","modified_gmt":"2025-06-11T10:23:06","slug":"maistelusetti","status":"publish","type":"product","link":"https:\/\/kakolabrewing.com\/en\/tuote\/maistelusetti\/","title":{"rendered":"Maistelusetti"},"content":{"rendered":"<p>T\u00e4ydellinen setti makunystyr\u00f6iden seikkailuun!<\/p>\n<p><strong>Setti sis\u00e4lt\u00e4\u00e4 seuraavat oluet:<\/strong><\/p>\n<ul>\n<li>Hurlum Helles Lager 4,5%<\/li>\n<li>Riviera IPA 6,5%<\/li>\n<li>Vautsi Raspberry Sour 3,5%<\/li>\n<li>Juice3000 4,5%<\/li>\n<li>Atelier 53 The Nicer Pale Ale 4,9%<\/li>\n<li>Lauha Imperial Stout 9,0%<\/li>\n<\/ul>\n<p>&nbsp;<\/p>\n","protected":false},"excerpt":{"rendered":"<p>T\u00e4ydellinen setti makunystyr\u00f6iden seikkailuun!<\/p>\n<p><strong>Setti sis\u00e4lt\u00e4\u00e4 seuraavat oluet:<\/strong><\/p>\n<ul>\n<li>Hurlum Helles Lager 4,5%<\/li>\n<li>Tori Rice Lager 4,5%<\/li>\n<li>Riviera IPA 6,5%<\/li>\n<li>Vautsi Raspberry Sour 3,5%<\/li>\n<li>Atelier 53 The Nicer Pale Ale 4,9%<\/li>\n<li>Lauha Imperial Stout 9,0%<\/li>\n<\/ul>\n<p>&nbsp;<\/p>\n<p> <a class=\"more-link\" href=\"https:\/\/kakolabrewing.com\/en\/tuote\/maistelusetti\/\">Read more<\/a><\/p>","protected":false},"featured_media":2367,"template":"","meta":[],"product_brand":[],"product_cat":[34],"product_tag":[],"class_list":{"0":"post-1826","1":"product","2":"type-product","3":"status-publish","4":"has-post-thumbnail","6":"product_cat-beers","8":"first","9":"instock","10":"virtual","11":"taxable","12":"purchasable","13":"product-type-simple"},"bundle_layout":"","bundle_add_to_cart_form_location":"","bundle_editable_in_cart":false,"bundle_sold_individually_context":"","bundle_item_grouping":"","bundle_min_size":"","bundle_max_size":"","bundled_by":[],"bundled_items":[],"yoast_head":"<!-- This site is optimized with the Yoast SEO plugin v27.5 - https:\/\/yoast.com\/product\/yoast-seo-wordpress\/ -->\n<title>Maistelusetti &#8212; Kakola Brewing Company<\/title>\n<meta name=\"robots\" content=\"index, follow, max-snippet:-1, max-image-preview:large, max-video-preview:-1\" \/>\n<link rel=\"canonical\" href=\"https:\/\/kakolabrewing.com\/en\/tuote\/maistelusetti\/\" \/>\n<meta property=\"og:locale\" content=\"en_US\" \/>\n<meta property=\"og:type\" content=\"article\" \/>\n<meta property=\"og:title\" content=\"Maistelusetti &#8212; Kakola Brewing Company\" \/>\n<meta property=\"og:description\" content=\"T\u00e4ydellinen setti makunystyr\u00f6iden seikkailuun!  Setti sis\u00e4lt\u00e4\u00e4 seuraavat oluet:   Hurlum Helles Lager 4,5%  Tori Rice Lager 4,5%  Riviera IPA 6,5%  Vautsi Raspberry Sour 3,5%  Atelier 53 The Nicer Pale Ale 4,9%  Lauha Imperial Stout 9,0%  &nbsp;\" \/>\n<meta property=\"og:url\" content=\"https:\/\/kakolabrewing.com\/en\/tuote\/maistelusetti\/\" \/>\n<meta property=\"og:site_name\" content=\"Kakola Brewing Company\" \/>\n<meta property=\"article:publisher\" content=\"https:\/\/www.facebook.com\/kakolabrewing\/\" \/>\n<meta property=\"article:modified_time\" content=\"2025-06-11T10:23:06+00:00\" \/>\n<meta property=\"og:image\" content=\"https:\/\/kakolabrewing.com\/wp-content\/uploads\/2020\/04\/sixpack_2.jpg\" \/>\n\t<meta property=\"og:image:width\" content=\"1600\" \/>\n\t<meta property=\"og:image:height\" content=\"2000\" \/>\n\t<meta property=\"og:image:type\" content=\"image\/jpeg\" \/>\n<meta name=\"twitter:card\" content=\"summary_large_image\" \/>\n<meta name=\"twitter:label1\" content=\"Est. reading time\" \/>\n\t<meta name=\"twitter:data1\" content=\"1 minute\" \/>\n<script type=\"application\/ld+json\" class=\"yoast-schema-graph\">{\"@context\":\"https:\\\/\\\/schema.org\",\"@graph\":[{\"@type\":\"WebPage\",\"@id\":\"https:\\\/\\\/kakolabrewing.com\\\/en\\\/tuote\\\/maistelusetti\\\/\",\"url\":\"https:\\\/\\\/kakolabrewing.com\\\/en\\\/tuote\\\/maistelusetti\\\/\",\"name\":\"Maistelusetti &#8212; Kakola Brewing Company\",\"isPartOf\":{\"@id\":\"https:\\\/\\\/kakolabrewing.com\\\/en\\\/#website\"},\"primaryImageOfPage\":{\"@id\":\"https:\\\/\\\/kakolabrewing.com\\\/en\\\/tuote\\\/maistelusetti\\\/#primaryimage\"},\"image\":{\"@id\":\"https:\\\/\\\/kakolabrewing.com\\\/en\\\/tuote\\\/maistelusetti\\\/#primaryimage\"},\"thumbnailUrl\":\"https:\\\/\\\/kakolabrewing.com\\\/wp-content\\\/uploads\\\/2020\\\/04\\\/sixpack_2.jpg\",\"datePublished\":\"2020-04-14T07:30:47+00:00\",\"dateModified\":\"2025-06-11T10:23:06+00:00\",\"breadcrumb\":{\"@id\":\"https:\\\/\\\/kakolabrewing.com\\\/en\\\/tuote\\\/maistelusetti\\\/#breadcrumb\"},\"inLanguage\":\"en-US\",\"potentialAction\":[{\"@type\":\"ReadAction\",\"target\":[\"https:\\\/\\\/kakolabrewing.com\\\/en\\\/tuote\\\/maistelusetti\\\/\"]}]},{\"@type\":\"ImageObject\",\"inLanguage\":\"en-US\",\"@id\":\"https:\\\/\\\/kakolabrewing.com\\\/en\\\/tuote\\\/maistelusetti\\\/#primaryimage\",\"url\":\"https:\\\/\\\/kakolabrewing.com\\\/wp-content\\\/uploads\\\/2020\\\/04\\\/sixpack_2.jpg\",\"contentUrl\":\"https:\\\/\\\/kakolabrewing.com\\\/wp-content\\\/uploads\\\/2020\\\/04\\\/sixpack_2.jpg\",\"width\":1600,\"height\":2000},{\"@type\":\"BreadcrumbList\",\"@id\":\"https:\\\/\\\/kakolabrewing.com\\\/en\\\/tuote\\\/maistelusetti\\\/#breadcrumb\",\"itemListElement\":[{\"@type\":\"ListItem\",\"position\":1,\"name\":\"Home\",\"item\":\"https:\\\/\\\/kakolabrewing.com\\\/en\\\/frontpage\\\/\"},{\"@type\":\"ListItem\",\"position\":2,\"name\":\"Shop\",\"item\":\"https:\\\/\\\/kakolabrewing.com\\\/en\\\/shop\\\/\"},{\"@type\":\"ListItem\",\"position\":3,\"name\":\"Maistelusetti\"}]},{\"@type\":\"WebSite\",\"@id\":\"https:\\\/\\\/kakolabrewing.com\\\/en\\\/#website\",\"url\":\"https:\\\/\\\/kakolabrewing.com\\\/en\\\/\",\"name\":\"Kakola Brewing Company\",\"description\":\"Turku\",\"publisher\":{\"@id\":\"https:\\\/\\\/kakolabrewing.com\\\/en\\\/#organization\"},\"potentialAction\":[{\"@type\":\"SearchAction\",\"target\":{\"@type\":\"EntryPoint\",\"urlTemplate\":\"https:\\\/\\\/kakolabrewing.com\\\/en\\\/?s={search_term_string}\"},\"query-input\":{\"@type\":\"PropertyValueSpecification\",\"valueRequired\":true,\"valueName\":\"search_term_string\"}}],\"inLanguage\":\"en-US\"},{\"@type\":\"Organization\",\"@id\":\"https:\\\/\\\/kakolabrewing.com\\\/en\\\/#organization\",\"name\":\"Kakola Brewing Company\",\"url\":\"https:\\\/\\\/kakolabrewing.com\\\/en\\\/\",\"logo\":{\"@type\":\"ImageObject\",\"inLanguage\":\"en-US\",\"@id\":\"https:\\\/\\\/kakolabrewing.com\\\/en\\\/#\\\/schema\\\/logo\\\/image\\\/\",\"url\":\"https:\\\/\\\/kakolabrewing.com\\\/wp-content\\\/uploads\\\/2018\\\/03\\\/kakolabrewing-blue.png\",\"contentUrl\":\"https:\\\/\\\/kakolabrewing.com\\\/wp-content\\\/uploads\\\/2018\\\/03\\\/kakolabrewing-blue.png\",\"width\":1024,\"height\":1024,\"caption\":\"Kakola Brewing Company\"},\"image\":{\"@id\":\"https:\\\/\\\/kakolabrewing.com\\\/en\\\/#\\\/schema\\\/logo\\\/image\\\/\"},\"sameAs\":[\"https:\\\/\\\/www.facebook.com\\\/kakolabrewing\\\/\",\"https:\\\/\\\/www.linkedin.com\\\/company\\\/kakola-brewing-co\\\/\"]}]}<\/script>\n<!-- \/ Yoast SEO plugin. -->","yoast_head_json":{"title":"Maistelusetti &#8212; Kakola Brewing Company","robots":{"index":"index","follow":"follow","max-snippet":"max-snippet:-1","max-image-preview":"max-image-preview:large","max-video-preview":"max-video-preview:-1"},"canonical":"https:\/\/kakolabrewing.com\/en\/tuote\/maistelusetti\/","og_locale":"en_US","og_type":"article","og_title":"Maistelusetti &#8212; Kakola Brewing Company","og_description":"T\u00e4ydellinen setti makunystyr\u00f6iden seikkailuun!  Setti sis\u00e4lt\u00e4\u00e4 seuraavat oluet:   Hurlum Helles Lager 4,5%  Tori Rice Lager 4,5%  Riviera IPA 6,5%  Vautsi Raspberry Sour 3,5%  Atelier 53 The Nicer Pale Ale 4,9%  Lauha Imperial Stout 9,0%  &nbsp;","og_url":"https:\/\/kakolabrewing.com\/en\/tuote\/maistelusetti\/","og_site_name":"Kakola Brewing Company","article_publisher":"https:\/\/www.facebook.com\/kakolabrewing\/","article_modified_time":"2025-06-11T10:23:06+00:00","og_image":[{"width":1600,"height":2000,"url":"https:\/\/kakolabrewing.com\/wp-content\/uploads\/2020\/04\/sixpack_2.jpg","type":"image\/jpeg"}],"twitter_card":"summary_large_image","twitter_misc":{"Est. reading time":"1 minute"},"schema":{"@context":"https:\/\/schema.org","@graph":[{"@type":"WebPage","@id":"https:\/\/kakolabrewing.com\/en\/tuote\/maistelusetti\/","url":"https:\/\/kakolabrewing.com\/en\/tuote\/maistelusetti\/","name":"Maistelusetti &#8212; Kakola Brewing Company","isPartOf":{"@id":"https:\/\/kakolabrewing.com\/en\/#website"},"primaryImageOfPage":{"@id":"https:\/\/kakolabrewing.com\/en\/tuote\/maistelusetti\/#primaryimage"},"image":{"@id":"https:\/\/kakolabrewing.com\/en\/tuote\/maistelusetti\/#primaryimage"},"thumbnailUrl":"https:\/\/kakolabrewing.com\/wp-content\/uploads\/2020\/04\/sixpack_2.jpg","datePublished":"2020-04-14T07:30:47+00:00","dateModified":"2025-06-11T10:23:06+00:00","breadcrumb":{"@id":"https:\/\/kakolabrewing.com\/en\/tuote\/maistelusetti\/#breadcrumb"},"inLanguage":"en-US","potentialAction":[{"@type":"ReadAction","target":["https:\/\/kakolabrewing.com\/en\/tuote\/maistelusetti\/"]}]},{"@type":"ImageObject","inLanguage":"en-US","@id":"https:\/\/kakolabrewing.com\/en\/tuote\/maistelusetti\/#primaryimage","url":"https:\/\/kakolabrewing.com\/wp-content\/uploads\/2020\/04\/sixpack_2.jpg","contentUrl":"https:\/\/kakolabrewing.com\/wp-content\/uploads\/2020\/04\/sixpack_2.jpg","width":1600,"height":2000},{"@type":"BreadcrumbList","@id":"https:\/\/kakolabrewing.com\/en\/tuote\/maistelusetti\/#breadcrumb","itemListElement":[{"@type":"ListItem","position":1,"name":"Home","item":"https:\/\/kakolabrewing.com\/en\/frontpage\/"},{"@type":"ListItem","position":2,"name":"Shop","item":"https:\/\/kakolabrewing.com\/en\/shop\/"},{"@type":"ListItem","position":3,"name":"Maistelusetti"}]},{"@type":"WebSite","@id":"https:\/\/kakolabrewing.com\/en\/#website","url":"https:\/\/kakolabrewing.com\/en\/","name":"Kakola Brewing Company","description":"Turku","publisher":{"@id":"https:\/\/kakolabrewing.com\/en\/#organization"},"potentialAction":[{"@type":"SearchAction","target":{"@type":"EntryPoint","urlTemplate":"https:\/\/kakolabrewing.com\/en\/?s={search_term_string}"},"query-input":{"@type":"PropertyValueSpecification","valueRequired":true,"valueName":"search_term_string"}}],"inLanguage":"en-US"},{"@type":"Organization","@id":"https:\/\/kakolabrewing.com\/en\/#organization","name":"Kakola Brewing Company","url":"https:\/\/kakolabrewing.com\/en\/","logo":{"@type":"ImageObject","inLanguage":"en-US","@id":"https:\/\/kakolabrewing.com\/en\/#\/schema\/logo\/image\/","url":"https:\/\/kakolabrewing.com\/wp-content\/uploads\/2018\/03\/kakolabrewing-blue.png","contentUrl":"https:\/\/kakolabrewing.com\/wp-content\/uploads\/2018\/03\/kakolabrewing-blue.png","width":1024,"height":1024,"caption":"Kakola Brewing Company"},"image":{"@id":"https:\/\/kakolabrewing.com\/en\/#\/schema\/logo\/image\/"},"sameAs":["https:\/\/www.facebook.com\/kakolabrewing\/","https:\/\/www.linkedin.com\/company\/kakola-brewing-co\/"]}]}},"_links":{"self":[{"href":"https:\/\/kakolabrewing.com\/en\/wp-json\/wp\/v2\/product\/1826","targetHints":{"allow":["GET"]}}],"collection":[{"href":"https:\/\/kakolabrewing.com\/en\/wp-json\/wp\/v2\/product"}],"about":[{"href":"https:\/\/kakolabrewing.com\/en\/wp-json\/wp\/v2\/types\/product"}],"wp:featuredmedia":[{"embeddable":true,"href":"https:\/\/kakolabrewing.com\/en\/wp-json\/wp\/v2\/media\/2367"}],"wp:attachment":[{"href":"https:\/\/kakolabrewing.com\/en\/wp-json\/wp\/v2\/media?parent=1826"}],"wp:term":[{"taxonomy":"product_brand","embeddable":true,"href":"https:\/\/kakolabrewing.com\/en\/wp-json\/wp\/v2\/product_brand?post=1826"},{"taxonomy":"product_cat","embeddable":true,"href":"https:\/\/kakolabrewing.com\/en\/wp-json\/wp\/v2\/product_cat?post=1826"},{"taxonomy":"product_tag","embeddable":true,"href":"https:\/\/kakolabrewing.com\/en\/wp-json\/wp\/v2\/product_tag?post=1826"}],"curies":[{"name":"wp","href":"https:\/\/api.w.org\/{rel}","templated":true}]}}