{"id":1657,"date":"2025-03-01T12:56:27","date_gmt":"2025-03-01T10:56:27","guid":{"rendered":"https:\/\/kakolabrewing.com\/?post_type=product&#038;p=1657"},"modified":"2025-03-21T17:00:07","modified_gmt":"2025-03-21T15:00:07","slug":"juice3000-sour-ale","status":"publish","type":"product","link":"https:\/\/kakolabrewing.com\/en\/tuote\/juice3000-sour-ale\/","title":{"rendered":"JUICE3000 Sour Ale"},"content":{"rendered":"<p><strong>Tropiikin taika.<\/strong><br \/>\nKoot: 330ml \/ 30l Keykeg<br \/>\n4,5% Alc.<br \/>\n\u2013<br \/>\nSaatavuus: Valmistetaan kerran vuodessa, saatavilla toukokuusta elokuuhun.<\/p>\n<p>Etikettitaiteen takana Rakastaja Robert, kuvittaja ja luovasielu Helsingist\u00e4.<\/p>\n<p>Lue lis\u00e4\u00e4 Rakastaja Robertista\u00a0<strong><a href=\"http:\/\/www.rakastajarobert.com\/about\/\">t\u00e4\u00e4ll\u00e4.<\/a><\/strong><\/p>\n","protected":false},"excerpt":{"rendered":"<p>Juice3000 on huippumehuisuuteen viritetty hapanolut, mausteena ananas, mango ja passiohedelm\u00e4. Kolmetuhatta lasiin ja kohti tropiikkia!<\/p>\n<p>Etikettitaiteen takana Rakastaja Robert, kuvittaja ja luovasielu Helsingist\u00e4.<\/p>\n<p>Lue lis\u00e4\u00e4 Rakastaja Robertista\u00a0<strong><a href=\"http:\/\/www.rakastajarobert.com\/about\/\">t\u00e4\u00e4ll\u00e4.<\/a><\/strong><\/p>\n<p> <a class=\"more-link\" href=\"https:\/\/kakolabrewing.com\/en\/tuote\/juice3000-sour-ale\/\">Read more<\/a><\/p>","protected":false},"featured_media":9323,"template":"","meta":[],"product_brand":[],"product_cat":[34],"product_tag":[79],"class_list":{"0":"post-1657","1":"product","2":"type-product","3":"status-publish","4":"has-post-thumbnail","6":"product_cat-beers","7":"product_tag-tropiikin-taika","9":"first","10":"instock","11":"virtual","12":"taxable","13":"purchasable","14":"product-type-simple"},"bundle_layout":"","bundle_add_to_cart_form_location":"","bundle_editable_in_cart":false,"bundle_sold_individually_context":"","bundle_item_grouping":"","bundle_min_size":"","bundle_max_size":"","bundled_by":[],"bundled_items":[],"yoast_head":"<!-- This site is optimized with the Yoast SEO plugin v27.4 - https:\/\/yoast.com\/product\/yoast-seo-wordpress\/ -->\n<title>JUICE3000 Sour Ale &#8212; Kakola Brewing Company<\/title>\n<meta name=\"robots\" content=\"index, follow, max-snippet:-1, max-image-preview:large, max-video-preview:-1\" \/>\n<link rel=\"canonical\" href=\"https:\/\/kakolabrewing.com\/en\/tuote\/juice3000-sour-ale\/\" \/>\n<meta property=\"og:locale\" content=\"en_US\" \/>\n<meta property=\"og:type\" content=\"article\" \/>\n<meta property=\"og:title\" content=\"JUICE3000 Sour Ale &#8212; Kakola Brewing Company\" \/>\n<meta property=\"og:description\" content=\"Juice3000 on huippumehuisuuteen viritetty hapanolut, mausteena ananas, mango ja passiohedelm\u00e4. Kolmetuhatta lasiin ja kohti tropiikkia!  Etikettitaiteen takana Rakastaja Robert, kuvittaja ja luovasielu Helsingist\u00e4.  Lue lis\u00e4\u00e4 Rakastaja Robertista\u00a0t\u00e4\u00e4ll\u00e4.\" \/>\n<meta property=\"og:url\" content=\"https:\/\/kakolabrewing.com\/en\/tuote\/juice3000-sour-ale\/\" \/>\n<meta property=\"og:site_name\" content=\"Kakola Brewing Company\" \/>\n<meta property=\"article:publisher\" content=\"https:\/\/www.facebook.com\/kakolabrewing\/\" \/>\n<meta property=\"article:modified_time\" content=\"2025-03-21T15:00:07+00:00\" \/>\n<meta property=\"og:image\" content=\"https:\/\/kakolabrewing.com\/wp-content\/uploads\/2020\/04\/Nettikauppakuvien-pohja-3.png-724x1024.png\" \/>\n\t<meta property=\"og:image:width\" content=\"724\" \/>\n\t<meta property=\"og:image:height\" content=\"1024\" \/>\n\t<meta property=\"og:image:type\" content=\"image\/png\" \/>\n<meta name=\"twitter:card\" content=\"summary_large_image\" \/>\n<meta name=\"twitter:label1\" content=\"Est. reading time\" \/>\n\t<meta name=\"twitter:data1\" content=\"1 minute\" \/>\n<script type=\"application\/ld+json\" class=\"yoast-schema-graph\">{\"@context\":\"https:\\\/\\\/schema.org\",\"@graph\":[{\"@type\":\"WebPage\",\"@id\":\"https:\\\/\\\/kakolabrewing.com\\\/en\\\/tuote\\\/juice3000-sour-ale\\\/\",\"url\":\"https:\\\/\\\/kakolabrewing.com\\\/en\\\/tuote\\\/juice3000-sour-ale\\\/\",\"name\":\"JUICE3000 Sour Ale &#8212; Kakola Brewing Company\",\"isPartOf\":{\"@id\":\"https:\\\/\\\/kakolabrewing.com\\\/en\\\/#website\"},\"primaryImageOfPage\":{\"@id\":\"https:\\\/\\\/kakolabrewing.com\\\/en\\\/tuote\\\/juice3000-sour-ale\\\/#primaryimage\"},\"image\":{\"@id\":\"https:\\\/\\\/kakolabrewing.com\\\/en\\\/tuote\\\/juice3000-sour-ale\\\/#primaryimage\"},\"thumbnailUrl\":\"https:\\\/\\\/kakolabrewing.com\\\/wp-content\\\/uploads\\\/2020\\\/04\\\/Nettikauppakuvien-pohja-3.png.png\",\"datePublished\":\"2025-03-01T10:56:27+00:00\",\"dateModified\":\"2025-03-21T15:00:07+00:00\",\"breadcrumb\":{\"@id\":\"https:\\\/\\\/kakolabrewing.com\\\/en\\\/tuote\\\/juice3000-sour-ale\\\/#breadcrumb\"},\"inLanguage\":\"en-US\",\"potentialAction\":[{\"@type\":\"ReadAction\",\"target\":[\"https:\\\/\\\/kakolabrewing.com\\\/en\\\/tuote\\\/juice3000-sour-ale\\\/\"]}]},{\"@type\":\"ImageObject\",\"inLanguage\":\"en-US\",\"@id\":\"https:\\\/\\\/kakolabrewing.com\\\/en\\\/tuote\\\/juice3000-sour-ale\\\/#primaryimage\",\"url\":\"https:\\\/\\\/kakolabrewing.com\\\/wp-content\\\/uploads\\\/2020\\\/04\\\/Nettikauppakuvien-pohja-3.png.png\",\"contentUrl\":\"https:\\\/\\\/kakolabrewing.com\\\/wp-content\\\/uploads\\\/2020\\\/04\\\/Nettikauppakuvien-pohja-3.png.png\",\"width\":1448,\"height\":2048},{\"@type\":\"BreadcrumbList\",\"@id\":\"https:\\\/\\\/kakolabrewing.com\\\/en\\\/tuote\\\/juice3000-sour-ale\\\/#breadcrumb\",\"itemListElement\":[{\"@type\":\"ListItem\",\"position\":1,\"name\":\"Home\",\"item\":\"https:\\\/\\\/kakolabrewing.com\\\/en\\\/frontpage\\\/\"},{\"@type\":\"ListItem\",\"position\":2,\"name\":\"Shop\",\"item\":\"https:\\\/\\\/kakolabrewing.com\\\/en\\\/shop\\\/\"},{\"@type\":\"ListItem\",\"position\":3,\"name\":\"JUICE3000 Sour Ale\"}]},{\"@type\":\"WebSite\",\"@id\":\"https:\\\/\\\/kakolabrewing.com\\\/en\\\/#website\",\"url\":\"https:\\\/\\\/kakolabrewing.com\\\/en\\\/\",\"name\":\"Kakola Brewing Company\",\"description\":\"Turku\",\"publisher\":{\"@id\":\"https:\\\/\\\/kakolabrewing.com\\\/en\\\/#organization\"},\"potentialAction\":[{\"@type\":\"SearchAction\",\"target\":{\"@type\":\"EntryPoint\",\"urlTemplate\":\"https:\\\/\\\/kakolabrewing.com\\\/en\\\/?s={search_term_string}\"},\"query-input\":{\"@type\":\"PropertyValueSpecification\",\"valueRequired\":true,\"valueName\":\"search_term_string\"}}],\"inLanguage\":\"en-US\"},{\"@type\":\"Organization\",\"@id\":\"https:\\\/\\\/kakolabrewing.com\\\/en\\\/#organization\",\"name\":\"Kakola Brewing Company\",\"url\":\"https:\\\/\\\/kakolabrewing.com\\\/en\\\/\",\"logo\":{\"@type\":\"ImageObject\",\"inLanguage\":\"en-US\",\"@id\":\"https:\\\/\\\/kakolabrewing.com\\\/en\\\/#\\\/schema\\\/logo\\\/image\\\/\",\"url\":\"https:\\\/\\\/kakolabrewing.com\\\/wp-content\\\/uploads\\\/2018\\\/03\\\/kakolabrewing-blue.png\",\"contentUrl\":\"https:\\\/\\\/kakolabrewing.com\\\/wp-content\\\/uploads\\\/2018\\\/03\\\/kakolabrewing-blue.png\",\"width\":1024,\"height\":1024,\"caption\":\"Kakola Brewing Company\"},\"image\":{\"@id\":\"https:\\\/\\\/kakolabrewing.com\\\/en\\\/#\\\/schema\\\/logo\\\/image\\\/\"},\"sameAs\":[\"https:\\\/\\\/www.facebook.com\\\/kakolabrewing\\\/\",\"https:\\\/\\\/www.linkedin.com\\\/company\\\/kakola-brewing-co\\\/\"]}]}<\/script>\n<!-- \/ Yoast SEO plugin. -->","yoast_head_json":{"title":"JUICE3000 Sour Ale &#8212; Kakola Brewing Company","robots":{"index":"index","follow":"follow","max-snippet":"max-snippet:-1","max-image-preview":"max-image-preview:large","max-video-preview":"max-video-preview:-1"},"canonical":"https:\/\/kakolabrewing.com\/en\/tuote\/juice3000-sour-ale\/","og_locale":"en_US","og_type":"article","og_title":"JUICE3000 Sour Ale &#8212; Kakola Brewing Company","og_description":"Juice3000 on huippumehuisuuteen viritetty hapanolut, mausteena ananas, mango ja passiohedelm\u00e4. Kolmetuhatta lasiin ja kohti tropiikkia!  Etikettitaiteen takana Rakastaja Robert, kuvittaja ja luovasielu Helsingist\u00e4.  Lue lis\u00e4\u00e4 Rakastaja Robertista\u00a0t\u00e4\u00e4ll\u00e4.","og_url":"https:\/\/kakolabrewing.com\/en\/tuote\/juice3000-sour-ale\/","og_site_name":"Kakola Brewing Company","article_publisher":"https:\/\/www.facebook.com\/kakolabrewing\/","article_modified_time":"2025-03-21T15:00:07+00:00","og_image":[{"width":724,"height":1024,"url":"https:\/\/kakolabrewing.com\/wp-content\/uploads\/2020\/04\/Nettikauppakuvien-pohja-3.png-724x1024.png","type":"image\/png"}],"twitter_card":"summary_large_image","twitter_misc":{"Est. reading time":"1 minute"},"schema":{"@context":"https:\/\/schema.org","@graph":[{"@type":"WebPage","@id":"https:\/\/kakolabrewing.com\/en\/tuote\/juice3000-sour-ale\/","url":"https:\/\/kakolabrewing.com\/en\/tuote\/juice3000-sour-ale\/","name":"JUICE3000 Sour Ale &#8212; Kakola Brewing Company","isPartOf":{"@id":"https:\/\/kakolabrewing.com\/en\/#website"},"primaryImageOfPage":{"@id":"https:\/\/kakolabrewing.com\/en\/tuote\/juice3000-sour-ale\/#primaryimage"},"image":{"@id":"https:\/\/kakolabrewing.com\/en\/tuote\/juice3000-sour-ale\/#primaryimage"},"thumbnailUrl":"https:\/\/kakolabrewing.com\/wp-content\/uploads\/2020\/04\/Nettikauppakuvien-pohja-3.png.png","datePublished":"2025-03-01T10:56:27+00:00","dateModified":"2025-03-21T15:00:07+00:00","breadcrumb":{"@id":"https:\/\/kakolabrewing.com\/en\/tuote\/juice3000-sour-ale\/#breadcrumb"},"inLanguage":"en-US","potentialAction":[{"@type":"ReadAction","target":["https:\/\/kakolabrewing.com\/en\/tuote\/juice3000-sour-ale\/"]}]},{"@type":"ImageObject","inLanguage":"en-US","@id":"https:\/\/kakolabrewing.com\/en\/tuote\/juice3000-sour-ale\/#primaryimage","url":"https:\/\/kakolabrewing.com\/wp-content\/uploads\/2020\/04\/Nettikauppakuvien-pohja-3.png.png","contentUrl":"https:\/\/kakolabrewing.com\/wp-content\/uploads\/2020\/04\/Nettikauppakuvien-pohja-3.png.png","width":1448,"height":2048},{"@type":"BreadcrumbList","@id":"https:\/\/kakolabrewing.com\/en\/tuote\/juice3000-sour-ale\/#breadcrumb","itemListElement":[{"@type":"ListItem","position":1,"name":"Home","item":"https:\/\/kakolabrewing.com\/en\/frontpage\/"},{"@type":"ListItem","position":2,"name":"Shop","item":"https:\/\/kakolabrewing.com\/en\/shop\/"},{"@type":"ListItem","position":3,"name":"JUICE3000 Sour Ale"}]},{"@type":"WebSite","@id":"https:\/\/kakolabrewing.com\/en\/#website","url":"https:\/\/kakolabrewing.com\/en\/","name":"Kakola Brewing Company","description":"Turku","publisher":{"@id":"https:\/\/kakolabrewing.com\/en\/#organization"},"potentialAction":[{"@type":"SearchAction","target":{"@type":"EntryPoint","urlTemplate":"https:\/\/kakolabrewing.com\/en\/?s={search_term_string}"},"query-input":{"@type":"PropertyValueSpecification","valueRequired":true,"valueName":"search_term_string"}}],"inLanguage":"en-US"},{"@type":"Organization","@id":"https:\/\/kakolabrewing.com\/en\/#organization","name":"Kakola Brewing Company","url":"https:\/\/kakolabrewing.com\/en\/","logo":{"@type":"ImageObject","inLanguage":"en-US","@id":"https:\/\/kakolabrewing.com\/en\/#\/schema\/logo\/image\/","url":"https:\/\/kakolabrewing.com\/wp-content\/uploads\/2018\/03\/kakolabrewing-blue.png","contentUrl":"https:\/\/kakolabrewing.com\/wp-content\/uploads\/2018\/03\/kakolabrewing-blue.png","width":1024,"height":1024,"caption":"Kakola Brewing Company"},"image":{"@id":"https:\/\/kakolabrewing.com\/en\/#\/schema\/logo\/image\/"},"sameAs":["https:\/\/www.facebook.com\/kakolabrewing\/","https:\/\/www.linkedin.com\/company\/kakola-brewing-co\/"]}]}},"_links":{"self":[{"href":"https:\/\/kakolabrewing.com\/en\/wp-json\/wp\/v2\/product\/1657","targetHints":{"allow":["GET"]}}],"collection":[{"href":"https:\/\/kakolabrewing.com\/en\/wp-json\/wp\/v2\/product"}],"about":[{"href":"https:\/\/kakolabrewing.com\/en\/wp-json\/wp\/v2\/types\/product"}],"wp:featuredmedia":[{"embeddable":true,"href":"https:\/\/kakolabrewing.com\/en\/wp-json\/wp\/v2\/media\/9323"}],"wp:attachment":[{"href":"https:\/\/kakolabrewing.com\/en\/wp-json\/wp\/v2\/media?parent=1657"}],"wp:term":[{"taxonomy":"product_brand","embeddable":true,"href":"https:\/\/kakolabrewing.com\/en\/wp-json\/wp\/v2\/product_brand?post=1657"},{"taxonomy":"product_cat","embeddable":true,"href":"https:\/\/kakolabrewing.com\/en\/wp-json\/wp\/v2\/product_cat?post=1657"},{"taxonomy":"product_tag","embeddable":true,"href":"https:\/\/kakolabrewing.com\/en\/wp-json\/wp\/v2\/product_tag?post=1657"}],"curies":[{"name":"wp","href":"https:\/\/api.w.org\/{rel}","templated":true}]}}