{"id":6149,"date":"2023-01-11T12:52:43","date_gmt":"2023-01-11T10:52:43","guid":{"rendered":"https:\/\/kakolabrewing.com\/frontpage\/"},"modified":"2025-05-12T12:41:03","modified_gmt":"2025-05-12T09:41:03","slug":"frontpage","status":"publish","type":"page","link":"https:\/\/kakolabrewing.com\/en\/","title":{"rendered":"Frontpage"},"content":{"rendered":"<p>Your local neighbourhood brewery on<br \/>Kakolanm\u00e4ki in Turku since 2018VISIT USAthmosperic pizzeria and bar<br \/>in Kakolanm\u00e4ki<a href=\"https:\/\/v2.tableonline.fi\/instabook\/bookings\/BTX2WVm\/selection\" target=\"_blank\">BOOK A TABLE<\/a>Sour lemonades from Finnish and<br \/>Sicilian fruits<a href=\"https:\/\/persosoda.com\/\" target=\"_blank\">BUY HERE<\/a><br \/>\n\t\t\t\t\t\t\t\t\t\tYour local neighbourhood brewery on<br \/>Kakolanm\u00e4ki in Turku since 2018VISIT USAthmosperic pizzeria and bar<br \/>in Kakolanm\u00e4ki<a href=\"https:\/\/v2.tableonline.fi\/instabook\/bookings\/BTX2WVm\/selection\" target=\"_blank\">BOOK A TABLE<\/a>Sour lemonades from Finnish and<br \/>Sicilian fruits<a href=\"https:\/\/persosoda.com\/\" target=\"_blank\">BUY HERE<\/a>\t\t\t\t<\/p>\n<h2>LOMAILEMME 24.12.2024-02.01.2025.<\/h2>\n<h2>N\u00c4HD\u00c4\u00c4N TAAS PERJANTAINA 03.01.2025.<\/h2>\n<h2>TURKU&#8217;S NEWEST SUMMER RESTAURANT \u2013 SOMMAR BISTRO &amp; TERRACE<br \/>\n<\/h2>\n<p>Sommar is a laid-back summer bistro located at the Makasiini buildings of the House of Arts, where the season\u2019s finest local ingredients take center stage. Guided by a \u201cfrom market to table\u201d philosophy, the menu features small, shareable dishes that change daily based on what\u2019s fresh and available. <\/p>\n<p>For summer evenings, Sommar also offers a sunny, 150-seat shared terrace where you can soak in the atmosphere and enjoy snack-sized dishes\u2014no reservation needed.<\/p>\n<p>\t\t\t\t\t<a href=\"https:\/\/www.bistrosommar.fi\/\" target=\"_blank\"><br \/>\n\t\t\t\t\t\t\t\t\tRead more<br \/>\n\t\t\t\t\t<\/a><\/p>\n<h2>KBC 7th Anniversary \u2013 April 26<br \/>\n<\/h2>\n<p><strong>Join us in celebrating seven years of brewing on Saturday, April 26!<\/strong><\/p>\n<p>Expect birthday cake, two brand-new beer releases, and great music all day long.<\/p>\n<p>&#8211; Open brewery tour at 12 PM<br \/>&#8211; Birthday cake for the early birds<br \/>&#8211; Two new beer launches<br \/>&#8211; Live music by Matias Lukander + DJ sets from Feminina &amp; Delikatessen<\/p>\n<p>\t\t\t\t\t<a href=\"https:\/\/kakolabrewing.com\/?post_type=product&#038;p=8939\"><br \/>\n\t\t\t\t\t\t\t\t\tBrewery Tour<br \/>\n\t\t\t\t\t<\/a><\/p>\n<h2>Latest seasonal beers<\/h2>\n<p>\t<a href=\"https:\/\/kakolabrewing.com\/en\/?post_type=product&#038;p=8664\" ><img fetchpriority=\"high\" width=\"500\" height=\"750\" src=\"https:\/\/kakolabrewing.com\/wp-content\/uploads\/2024\/08\/IMG_4232-e1722593687414-500x750.png\" alt=\"\" decoding=\"async\" \/><\/a><\/p>\n<h5 ><a href=\"https:\/\/kakolabrewing.com\/en\/?post_type=product&#038;p=8664\" >Atelier 52 DIPA 9%<\/a><\/h5>\n<p>\t<bdi>6,10&nbsp;&euro;<\/bdi><br \/>\n\t<a href=\"?add-to-cart=8663\" aria-describedby=\"woocommerce_loop_add_to_cart_link_describedby_8663\" data-quantity=\"1\" data-product_id=\"8663\" data-product_sku=\"\" aria-label=\"Lis\u00e4\u00e4 ostoskoriin: &ldquo;Atelier 52 DIPA 9%&rdquo;\" rel=\"nofollow\">Lis\u00e4\u00e4 ostoskoriin<\/a><br \/>\n\t<a href=\"https:\/\/kakolabrewing.com\/en\/?post_type=product&#038;p=8517\" ><img width=\"500\" height=\"750\" src=\"https:\/\/kakolabrewing.com\/wp-content\/uploads\/2024\/07\/IMG_2385-scaled-e1720778840177-500x750.jpeg\" alt=\"\" decoding=\"async\" \/><\/a><\/p>\n<h5 ><a href=\"https:\/\/kakolabrewing.com\/en\/?post_type=product&#038;p=8517\" >Atelier 50 Wild Ale 5%<\/a><\/h5>\n<p>\t<bdi>18,00&nbsp;&euro;<\/bdi><br \/>\n\t<a href=\"?add-to-cart=8516\" aria-describedby=\"woocommerce_loop_add_to_cart_link_describedby_8516\" data-quantity=\"1\" data-product_id=\"8516\" data-product_sku=\"\" aria-label=\"Lis\u00e4\u00e4 ostoskoriin: &ldquo;Atelier 50 Wild Ale 5%&rdquo;\" rel=\"nofollow\">Lis\u00e4\u00e4 ostoskoriin<\/a><br \/>\n\t<a href=\"https:\/\/kakolabrewing.com\/en\/?post_type=product&#038;p=7881\" ><img width=\"500\" height=\"750\" src=\"https:\/\/kakolabrewing.com\/wp-content\/uploads\/2024\/02\/Nettikauppakuvien-pohja-3-500x750.png\" alt=\"\" decoding=\"async\" \/><\/a><\/p>\n<h5 ><a href=\"https:\/\/kakolabrewing.com\/en\/?post_type=product&#038;p=7881\" >Atelier 45 Imperial Baltic Porter 11%<\/a><\/h5>\n<p>\t<bdi>13,00&nbsp;&euro;<\/bdi><br \/>\n\t<a href=\"?add-to-cart=7880\" aria-describedby=\"woocommerce_loop_add_to_cart_link_describedby_7880\" data-quantity=\"1\" data-product_id=\"7880\" data-product_sku=\"\" aria-label=\"Lis\u00e4\u00e4 ostoskoriin: &ldquo;Atelier 45 Imperial Baltic Porter 11%&rdquo;\" rel=\"nofollow\">Lis\u00e4\u00e4 ostoskoriin<\/a><br \/>\n\t<a href=\"https:\/\/kakolabrewing.com\/en\/?post_type=product&#038;p=5787\" ><img loading=\"lazy\" width=\"500\" height=\"750\" src=\"https:\/\/kakolabrewing.com\/wp-content\/uploads\/2022\/12\/37B6F3DE-01D4-418B-A6D4-B7554AB881E7-500x750.png\" alt=\"\" decoding=\"async\" \/><\/a><\/p>\n<h5 ><a href=\"https:\/\/kakolabrewing.com\/en\/?post_type=product&#038;p=5787\" >Atelier 35 Hazelnut &#038; Orange stout 9,6%<\/a><\/h5>\n<p>\t<bdi>19,00&nbsp;&euro;<\/bdi><br \/>\n\t<a href=\"?add-to-cart=5786\" aria-describedby=\"woocommerce_loop_add_to_cart_link_describedby_5786\" data-quantity=\"1\" data-product_id=\"5786\" data-product_sku=\"\" aria-label=\"Lis\u00e4\u00e4 ostoskoriin: &ldquo;Atelier 35 Hazelnut &amp; Orange stout 9,6%&rdquo;\" rel=\"nofollow\">Lis\u00e4\u00e4 ostoskoriin<\/a><br \/>\n\t<a href=\"https:\/\/kakolabrewing.com\/en\/?post_type=product&#038;p=5362\" ><img loading=\"lazy\" width=\"500\" height=\"750\" src=\"https:\/\/kakolabrewing.com\/wp-content\/uploads\/2022\/09\/202209-Tori-Lager-Mockup-btl-500x750.jpg\" alt=\"\" decoding=\"async\" \/><\/a><\/p>\n<h5 ><a href=\"https:\/\/kakolabrewing.com\/en\/?post_type=product&#038;p=5362\" >Tori Lager 4,5%<\/a><\/h5>\n<p>\t<bdi>4,20&nbsp;&euro;<\/bdi><br \/>\n\t<a href=\"?add-to-cart=5361\" aria-describedby=\"woocommerce_loop_add_to_cart_link_describedby_5361\" data-quantity=\"1\" data-product_id=\"5361\" data-product_sku=\"\" aria-label=\"Lis\u00e4\u00e4 ostoskoriin: &ldquo;Tori Lager 4,5%&rdquo;\" rel=\"nofollow\">Lis\u00e4\u00e4 ostoskoriin<\/a>\t<\/p>\n<h2>Beers<\/h2>\n<p>Our standard selection consists of our balanced and timeless interpretations that embody the Nordic character. Uncomplicatedly tasty \u2013 as beer should be. <\/p>\n<p>In our seasonal beers, we unleash experimentation, creativity and local ingredients.<\/p>\n<p>\t\t\t\t\t<a role=\"button\"><br \/>\n\t\t\t\t\t\t\t\t\tBeers<br \/>\n\t\t\t\t\t<\/a><\/p>\n<h2>NEW<\/h2>\n<p>\t<a href=\"https:\/\/kakolabrewing.com\/tuote\/juice3000-sour-ale\/\" ><img loading=\"lazy\" width=\"1448\" height=\"2048\" src=\"https:\/\/kakolabrewing.com\/wp-content\/uploads\/2020\/04\/Nettikauppakuvien-pohja-3.png.png\" alt=\"\" decoding=\"async\" srcset=\"https:\/\/kakolabrewing.com\/wp-content\/uploads\/2020\/04\/Nettikauppakuvien-pohja-3.png.png 1448w, https:\/\/kakolabrewing.com\/wp-content\/uploads\/2020\/04\/Nettikauppakuvien-pohja-3.png-212x300.png 212w, https:\/\/kakolabrewing.com\/wp-content\/uploads\/2020\/04\/Nettikauppakuvien-pohja-3.png-724x1024.png 724w, https:\/\/kakolabrewing.com\/wp-content\/uploads\/2020\/04\/Nettikauppakuvien-pohja-3.png-768x1086.png 768w, https:\/\/kakolabrewing.com\/wp-content\/uploads\/2020\/04\/Nettikauppakuvien-pohja-3.png-1086x1536.png 1086w, https:\/\/kakolabrewing.com\/wp-content\/uploads\/2020\/04\/Nettikauppakuvien-pohja-3.png-850x1202.png 850w\" sizes=\"(max-width: 1448px) 100vw, 1448px\" \/><\/a><\/p>\n<ul>\n<li><a href=\"https:\/\/kakolabrewing.com\/en\/tuote-osasto\/beers-en\/\" rel=\"tag\">Beers<\/a><\/li>\n<\/ul>\n<h5 ><a href=\"https:\/\/kakolabrewing.com\/tuote\/juice3000-sour-ale\/\" >JUICE3000 Sour Ale<\/a><\/h5>\n<p>\t<bdi>4,70&nbsp;&euro;<\/bdi><br \/>\n\t<a href=\"?add-to-cart=1657\" aria-describedby=\"woocommerce_loop_add_to_cart_link_describedby_1657\" data-quantity=\"1\" data-product_id=\"1657\" data-product_sku=\"\" aria-label=\"Lis\u00e4\u00e4 ostoskoriin: &ldquo;JUICE3000 Sour Ale&rdquo;\" rel=\"nofollow\">Lis\u00e4\u00e4 ostoskoriin<\/a><br \/>\n\t<a href=\"https:\/\/kakolabrewing.com\/en\/?post_type=product&#038;p=9036\" ><img loading=\"lazy\" width=\"1448\" height=\"2048\" src=\"https:\/\/kakolabrewing.com\/wp-content\/uploads\/2024\/12\/Nettikauppakuvien-pohja-2.png.png\" alt=\"\" decoding=\"async\" srcset=\"https:\/\/kakolabrewing.com\/wp-content\/uploads\/2024\/12\/Nettikauppakuvien-pohja-2.png.png 1448w, https:\/\/kakolabrewing.com\/wp-content\/uploads\/2024\/12\/Nettikauppakuvien-pohja-2.png-212x300.png 212w, https:\/\/kakolabrewing.com\/wp-content\/uploads\/2024\/12\/Nettikauppakuvien-pohja-2.png-724x1024.png 724w, https:\/\/kakolabrewing.com\/wp-content\/uploads\/2024\/12\/Nettikauppakuvien-pohja-2.png-768x1086.png 768w, https:\/\/kakolabrewing.com\/wp-content\/uploads\/2024\/12\/Nettikauppakuvien-pohja-2.png-1086x1536.png 1086w, https:\/\/kakolabrewing.com\/wp-content\/uploads\/2024\/12\/Nettikauppakuvien-pohja-2.png-850x1202.png 850w\" sizes=\"(max-width: 1448px) 100vw, 1448px\" \/><\/a><\/p>\n<ul>\n<li><a href=\"https:\/\/kakolabrewing.com\/en\/tuote-osasto\/beers-en\/\" rel=\"tag\">Beers<\/a><\/li>\n<\/ul>\n<h5 ><a href=\"https:\/\/kakolabrewing.com\/en\/?post_type=product&#038;p=9036\" >ATELIER 54 The Nicer Lager 4,7%<\/a><\/h5>\n<p>\t<bdi>4,50&nbsp;&euro;<\/bdi><br \/>\n\t<a href=\"?add-to-cart=9035\" aria-describedby=\"woocommerce_loop_add_to_cart_link_describedby_9035\" data-quantity=\"1\" data-product_id=\"9035\" data-product_sku=\"\" aria-label=\"Lis\u00e4\u00e4 ostoskoriin: &ldquo;ATELIER 54 The Nicer Lager 4,7%&rdquo;\" rel=\"nofollow\">Lis\u00e4\u00e4 ostoskoriin<\/a><br \/>\n\t<a href=\"https:\/\/kakolabrewing.com\/en\/?post_type=product&#038;p=8963\" ><img loading=\"lazy\" width=\"1448\" height=\"2048\" src=\"https:\/\/kakolabrewing.com\/wp-content\/uploads\/2024\/11\/Nettikauppakuvien-pohja.png.png\" alt=\"\" decoding=\"async\" srcset=\"https:\/\/kakolabrewing.com\/wp-content\/uploads\/2024\/11\/Nettikauppakuvien-pohja.png.png 1448w, https:\/\/kakolabrewing.com\/wp-content\/uploads\/2024\/11\/Nettikauppakuvien-pohja.png-212x300.png 212w, https:\/\/kakolabrewing.com\/wp-content\/uploads\/2024\/11\/Nettikauppakuvien-pohja.png-724x1024.png 724w, https:\/\/kakolabrewing.com\/wp-content\/uploads\/2024\/11\/Nettikauppakuvien-pohja.png-768x1086.png 768w, https:\/\/kakolabrewing.com\/wp-content\/uploads\/2024\/11\/Nettikauppakuvien-pohja.png-1086x1536.png 1086w, https:\/\/kakolabrewing.com\/wp-content\/uploads\/2024\/11\/Nettikauppakuvien-pohja.png-850x1202.png 850w\" sizes=\"(max-width: 1448px) 100vw, 1448px\" \/><\/a><\/p>\n<ul>\n<li><a href=\"https:\/\/kakolabrewing.com\/en\/tuote-osasto\/beers-en\/\" rel=\"tag\">Beers<\/a><\/li>\n<\/ul>\n<h5 ><a href=\"https:\/\/kakolabrewing.com\/en\/?post_type=product&#038;p=8963\" >ATELIER 53 The Nicer Pale Ale&#8230;<\/a><\/h5>\n<p>\t<bdi>4,50&nbsp;&euro;<\/bdi><br \/>\n\t<a href=\"?add-to-cart=8962\" aria-describedby=\"woocommerce_loop_add_to_cart_link_describedby_8962\" data-quantity=\"1\" data-product_id=\"8962\" data-product_sku=\"\" aria-label=\"Lis\u00e4\u00e4 ostoskoriin: &ldquo;ATELIER 53 The Nicer Pale Ale 4,9%&rdquo;\" rel=\"nofollow\">Lis\u00e4\u00e4 ostoskoriin<\/a><br \/>\n\t<a href=\"https:\/\/kakolabrewing.com\/en\/?post_type=product&#038;p=8664\" ><img loading=\"lazy\" width=\"3024\" height=\"4032\" src=\"https:\/\/kakolabrewing.com\/wp-content\/uploads\/2024\/08\/IMG_4232-e1722593687414.png\" alt=\"\" decoding=\"async\" srcset=\"https:\/\/kakolabrewing.com\/wp-content\/uploads\/2024\/08\/IMG_4232-e1722593687414.png 3024w, https:\/\/kakolabrewing.com\/wp-content\/uploads\/2024\/08\/IMG_4232-e1722593687414-225x300.png 225w, https:\/\/kakolabrewing.com\/wp-content\/uploads\/2024\/08\/IMG_4232-e1722593687414-768x1024.png 768w, https:\/\/kakolabrewing.com\/wp-content\/uploads\/2024\/08\/IMG_4232-e1722593687414-1152x1536.png 1152w, https:\/\/kakolabrewing.com\/wp-content\/uploads\/2024\/08\/IMG_4232-e1722593687414-1536x2048.png 1536w, https:\/\/kakolabrewing.com\/wp-content\/uploads\/2024\/08\/IMG_4232-e1722593687414-850x1133.png 850w\" sizes=\"(max-width: 3024px) 100vw, 3024px\" \/><\/a><\/p>\n<ul>\n<li><a href=\"https:\/\/kakolabrewing.com\/tuote-osasto\/beers\/atelier\/\" rel=\"tag\">Atelier<\/a>&#44;&nbsp;<\/li>\n<li><a href=\"https:\/\/kakolabrewing.com\/en\/tuote-osasto\/beers-en\/\" rel=\"tag\">Beers<\/a><\/li>\n<\/ul>\n<h5 ><a href=\"https:\/\/kakolabrewing.com\/en\/?post_type=product&#038;p=8664\" >Atelier 52 DIPA 9%<\/a><\/h5>\n<p>\t<bdi>6,10&nbsp;&euro;<\/bdi><br \/>\n\t<a href=\"?add-to-cart=8663\" aria-describedby=\"woocommerce_loop_add_to_cart_link_describedby_8663\" data-quantity=\"1\" data-product_id=\"8663\" data-product_sku=\"\" aria-label=\"Lis\u00e4\u00e4 ostoskoriin: &ldquo;Atelier 52 DIPA 9%&rdquo;\" rel=\"nofollow\">Lis\u00e4\u00e4 ostoskoriin<\/a><br \/>\n\t\t\t\t\t<a role=\"button\"><br \/>\n\t\t\t\t\t\t\t\t\tSHOP<br \/>\n\t\t\t\t\t<\/a><\/p>\n<h2>About us<\/h2>\n<p>Behind Kakola Brewing Company are three friends who feel the local life, who share a passion to make everyday living better.<\/p>\n<p>\t\t\t\t\t<a role=\"button\"><br \/>\n\t\t\t\t\t\t\t\t\tGet to know us<br \/>\n\t\t\t\t\t<\/a><\/p>\n","protected":false},"excerpt":{"rendered":"<p>Your local neighbourhood brewery onKakolanm\u00e4ki in Turku since 2018VISIT USAthmosperic pizzeria and barin Kakolanm\u00e4kiBOOK A TABLESour lemonades from Finnish andSicilian fruitsBUY HERE Your local neighbourhood brewery onKakolanm\u00e4ki&hellip;<\/p>\n<p> <a class=\"more-link\" href=\"https:\/\/kakolabrewing.com\/en\/\">Read more<\/a><\/p>\n","protected":false},"author":2,"featured_media":0,"parent":0,"menu_order":0,"comment_status":"closed","ping_status":"closed","template":"elementor_header_footer","meta":{"footnotes":""},"class_list":["post-6149","page","type-page","status-publish"],"yoast_head":"<!-- This site is optimized with the Yoast SEO plugin v27.4 - https:\/\/yoast.com\/product\/yoast-seo-wordpress\/ -->\n<title>Kakola Brewing Company &#8212; Turku, Finland<\/title>\n<meta name=\"description\" content=\"The neighborhood brewery on Kakolanm\u00e4ki. Behind Kakola Brewing Company are three friends who feel the local life, who share a passion to make everyday living better. Read more!\" \/>\n<meta name=\"robots\" content=\"index, follow, max-snippet:-1, max-image-preview:large, max-video-preview:-1\" \/>\n<link rel=\"canonical\" href=\"https:\/\/kakolabrewing.com\/en\/\" \/>\n<meta property=\"og:locale\" content=\"en_US\" \/>\n<meta property=\"og:type\" content=\"article\" \/>\n<meta property=\"og:title\" content=\"Kakola Brewing Company &#8212; Turku, Finland\" \/>\n<meta property=\"og:description\" content=\"The neighborhood brewery on Kakolanm\u00e4ki. Behind Kakola Brewing Company are three friends who feel the local life, who share a passion to make everyday living better. Read more!\" \/>\n<meta property=\"og:url\" content=\"https:\/\/kakolabrewing.com\/en\/\" \/>\n<meta property=\"og:site_name\" content=\"Kakola Brewing Company\" \/>\n<meta property=\"article:publisher\" content=\"https:\/\/www.facebook.com\/kakolabrewing\/\" \/>\n<meta property=\"article:modified_time\" content=\"2025-05-12T09:41:03+00:00\" \/>\n<meta property=\"og:image\" content=\"https:\/\/kakolabrewing.com\/wp-content\/uploads\/2018\/09\/KBC_IMG_quer_all-e1537788242186.jpg\" \/>\n<meta name=\"twitter:card\" content=\"summary_large_image\" \/>\n<meta name=\"twitter:image\" content=\"https:\/\/kakolabrewing.com\/wp-content\/uploads\/2018\/09\/KBC_IMG_quer_all-e1537788242186.jpg\" \/>\n<meta name=\"twitter:label1\" content=\"Est. reading time\" \/>\n\t<meta name=\"twitter:data1\" content=\"14 minutes\" \/>\n<script type=\"application\/ld+json\" class=\"yoast-schema-graph\">{\"@context\":\"https:\\\/\\\/schema.org\",\"@graph\":[{\"@type\":\"WebPage\",\"@id\":\"https:\\\/\\\/kakolabrewing.com\\\/en\\\/\",\"url\":\"https:\\\/\\\/kakolabrewing.com\\\/en\\\/\",\"name\":\"Kakola Brewing Company &#8212; Turku, Finland\",\"isPartOf\":{\"@id\":\"https:\\\/\\\/kakolabrewing.com\\\/en\\\/#website\"},\"primaryImageOfPage\":{\"@id\":\"https:\\\/\\\/kakolabrewing.com\\\/en\\\/#primaryimage\"},\"image\":{\"@id\":\"https:\\\/\\\/kakolabrewing.com\\\/en\\\/#primaryimage\"},\"thumbnailUrl\":\"https:\\\/\\\/kakolabrewing.com\\\/wp-content\\\/uploads\\\/2024\\\/08\\\/IMG_4232-e1722593687414-500x750.png\",\"datePublished\":\"2023-01-11T10:52:43+00:00\",\"dateModified\":\"2025-05-12T09:41:03+00:00\",\"description\":\"The neighborhood brewery on Kakolanm\u00e4ki. Behind Kakola Brewing Company are three friends who feel the local life, who share a passion to make everyday living better. Read more!\",\"breadcrumb\":{\"@id\":\"https:\\\/\\\/kakolabrewing.com\\\/en\\\/#breadcrumb\"},\"inLanguage\":\"en-US\",\"potentialAction\":[{\"@type\":\"ReadAction\",\"target\":[\"https:\\\/\\\/kakolabrewing.com\\\/en\\\/\"]}]},{\"@type\":\"ImageObject\",\"inLanguage\":\"en-US\",\"@id\":\"https:\\\/\\\/kakolabrewing.com\\\/en\\\/#primaryimage\",\"url\":\"https:\\\/\\\/kakolabrewing.com\\\/wp-content\\\/uploads\\\/2024\\\/08\\\/IMG_4232-e1722593687414-500x750.png\",\"contentUrl\":\"https:\\\/\\\/kakolabrewing.com\\\/wp-content\\\/uploads\\\/2024\\\/08\\\/IMG_4232-e1722593687414-500x750.png\"},{\"@type\":\"BreadcrumbList\",\"@id\":\"https:\\\/\\\/kakolabrewing.com\\\/en\\\/#breadcrumb\",\"itemListElement\":[{\"@type\":\"ListItem\",\"position\":1,\"name\":\"Home\",\"item\":\"https:\\\/\\\/kakolabrewing.com\\\/en\\\/frontpage\\\/\"},{\"@type\":\"ListItem\",\"position\":2,\"name\":\"Frontpage\"}]},{\"@type\":\"WebSite\",\"@id\":\"https:\\\/\\\/kakolabrewing.com\\\/en\\\/#website\",\"url\":\"https:\\\/\\\/kakolabrewing.com\\\/en\\\/\",\"name\":\"Kakola Brewing Company\",\"description\":\"Turku\",\"publisher\":{\"@id\":\"https:\\\/\\\/kakolabrewing.com\\\/en\\\/#organization\"},\"potentialAction\":[{\"@type\":\"SearchAction\",\"target\":{\"@type\":\"EntryPoint\",\"urlTemplate\":\"https:\\\/\\\/kakolabrewing.com\\\/en\\\/?s={search_term_string}\"},\"query-input\":{\"@type\":\"PropertyValueSpecification\",\"valueRequired\":true,\"valueName\":\"search_term_string\"}}],\"inLanguage\":\"en-US\"},{\"@type\":\"Organization\",\"@id\":\"https:\\\/\\\/kakolabrewing.com\\\/en\\\/#organization\",\"name\":\"Kakola Brewing Company\",\"url\":\"https:\\\/\\\/kakolabrewing.com\\\/en\\\/\",\"logo\":{\"@type\":\"ImageObject\",\"inLanguage\":\"en-US\",\"@id\":\"https:\\\/\\\/kakolabrewing.com\\\/en\\\/#\\\/schema\\\/logo\\\/image\\\/\",\"url\":\"https:\\\/\\\/kakolabrewing.com\\\/wp-content\\\/uploads\\\/2018\\\/03\\\/kakolabrewing-blue.png\",\"contentUrl\":\"https:\\\/\\\/kakolabrewing.com\\\/wp-content\\\/uploads\\\/2018\\\/03\\\/kakolabrewing-blue.png\",\"width\":1024,\"height\":1024,\"caption\":\"Kakola Brewing Company\"},\"image\":{\"@id\":\"https:\\\/\\\/kakolabrewing.com\\\/en\\\/#\\\/schema\\\/logo\\\/image\\\/\"},\"sameAs\":[\"https:\\\/\\\/www.facebook.com\\\/kakolabrewing\\\/\",\"https:\\\/\\\/www.linkedin.com\\\/company\\\/kakola-brewing-co\\\/\"]}]}<\/script>\n<!-- \/ Yoast SEO plugin. -->","yoast_head_json":{"title":"Kakola Brewing Company &#8212; Turku, Finland","description":"The neighborhood brewery on Kakolanm\u00e4ki. Behind Kakola Brewing Company are three friends who feel the local life, who share a passion to make everyday living better. Read more!","robots":{"index":"index","follow":"follow","max-snippet":"max-snippet:-1","max-image-preview":"max-image-preview:large","max-video-preview":"max-video-preview:-1"},"canonical":"https:\/\/kakolabrewing.com\/en\/","og_locale":"en_US","og_type":"article","og_title":"Kakola Brewing Company &#8212; Turku, Finland","og_description":"The neighborhood brewery on Kakolanm\u00e4ki. Behind Kakola Brewing Company are three friends who feel the local life, who share a passion to make everyday living better. Read more!","og_url":"https:\/\/kakolabrewing.com\/en\/","og_site_name":"Kakola Brewing Company","article_publisher":"https:\/\/www.facebook.com\/kakolabrewing\/","article_modified_time":"2025-05-12T09:41:03+00:00","og_image":[{"url":"https:\/\/kakolabrewing.com\/wp-content\/uploads\/2018\/09\/KBC_IMG_quer_all-e1537788242186.jpg","type":"","width":"","height":""}],"twitter_card":"summary_large_image","twitter_image":"https:\/\/kakolabrewing.com\/wp-content\/uploads\/2018\/09\/KBC_IMG_quer_all-e1537788242186.jpg","twitter_misc":{"Est. reading time":"14 minutes"},"schema":{"@context":"https:\/\/schema.org","@graph":[{"@type":"WebPage","@id":"https:\/\/kakolabrewing.com\/en\/","url":"https:\/\/kakolabrewing.com\/en\/","name":"Kakola Brewing Company &#8212; Turku, Finland","isPartOf":{"@id":"https:\/\/kakolabrewing.com\/en\/#website"},"primaryImageOfPage":{"@id":"https:\/\/kakolabrewing.com\/en\/#primaryimage"},"image":{"@id":"https:\/\/kakolabrewing.com\/en\/#primaryimage"},"thumbnailUrl":"https:\/\/kakolabrewing.com\/wp-content\/uploads\/2024\/08\/IMG_4232-e1722593687414-500x750.png","datePublished":"2023-01-11T10:52:43+00:00","dateModified":"2025-05-12T09:41:03+00:00","description":"The neighborhood brewery on Kakolanm\u00e4ki. Behind Kakola Brewing Company are three friends who feel the local life, who share a passion to make everyday living better. Read more!","breadcrumb":{"@id":"https:\/\/kakolabrewing.com\/en\/#breadcrumb"},"inLanguage":"en-US","potentialAction":[{"@type":"ReadAction","target":["https:\/\/kakolabrewing.com\/en\/"]}]},{"@type":"ImageObject","inLanguage":"en-US","@id":"https:\/\/kakolabrewing.com\/en\/#primaryimage","url":"https:\/\/kakolabrewing.com\/wp-content\/uploads\/2024\/08\/IMG_4232-e1722593687414-500x750.png","contentUrl":"https:\/\/kakolabrewing.com\/wp-content\/uploads\/2024\/08\/IMG_4232-e1722593687414-500x750.png"},{"@type":"BreadcrumbList","@id":"https:\/\/kakolabrewing.com\/en\/#breadcrumb","itemListElement":[{"@type":"ListItem","position":1,"name":"Home","item":"https:\/\/kakolabrewing.com\/en\/frontpage\/"},{"@type":"ListItem","position":2,"name":"Frontpage"}]},{"@type":"WebSite","@id":"https:\/\/kakolabrewing.com\/en\/#website","url":"https:\/\/kakolabrewing.com\/en\/","name":"Kakola Brewing Company","description":"Turku","publisher":{"@id":"https:\/\/kakolabrewing.com\/en\/#organization"},"potentialAction":[{"@type":"SearchAction","target":{"@type":"EntryPoint","urlTemplate":"https:\/\/kakolabrewing.com\/en\/?s={search_term_string}"},"query-input":{"@type":"PropertyValueSpecification","valueRequired":true,"valueName":"search_term_string"}}],"inLanguage":"en-US"},{"@type":"Organization","@id":"https:\/\/kakolabrewing.com\/en\/#organization","name":"Kakola Brewing Company","url":"https:\/\/kakolabrewing.com\/en\/","logo":{"@type":"ImageObject","inLanguage":"en-US","@id":"https:\/\/kakolabrewing.com\/en\/#\/schema\/logo\/image\/","url":"https:\/\/kakolabrewing.com\/wp-content\/uploads\/2018\/03\/kakolabrewing-blue.png","contentUrl":"https:\/\/kakolabrewing.com\/wp-content\/uploads\/2018\/03\/kakolabrewing-blue.png","width":1024,"height":1024,"caption":"Kakola Brewing Company"},"image":{"@id":"https:\/\/kakolabrewing.com\/en\/#\/schema\/logo\/image\/"},"sameAs":["https:\/\/www.facebook.com\/kakolabrewing\/","https:\/\/www.linkedin.com\/company\/kakola-brewing-co\/"]}]}},"_links":{"self":[{"href":"https:\/\/kakolabrewing.com\/en\/wp-json\/wp\/v2\/pages\/6149","targetHints":{"allow":["GET"]}}],"collection":[{"href":"https:\/\/kakolabrewing.com\/en\/wp-json\/wp\/v2\/pages"}],"about":[{"href":"https:\/\/kakolabrewing.com\/en\/wp-json\/wp\/v2\/types\/page"}],"author":[{"embeddable":true,"href":"https:\/\/kakolabrewing.com\/en\/wp-json\/wp\/v2\/users\/2"}],"replies":[{"embeddable":true,"href":"https:\/\/kakolabrewing.com\/en\/wp-json\/wp\/v2\/comments?post=6149"}],"version-history":[{"count":28,"href":"https:\/\/kakolabrewing.com\/en\/wp-json\/wp\/v2\/pages\/6149\/revisions"}],"predecessor-version":[{"id":9509,"href":"https:\/\/kakolabrewing.com\/en\/wp-json\/wp\/v2\/pages\/6149\/revisions\/9509"}],"wp:attachment":[{"href":"https:\/\/kakolabrewing.com\/en\/wp-json\/wp\/v2\/media?parent=6149"}],"curies":[{"name":"wp","href":"https:\/\/api.w.org\/{rel}","templated":true}]}}